{"id":12531,"date":"2023-07-18T12:30:20","date_gmt":"2023-07-18T12:30:20","guid":{"rendered":"https:\/\/naturaglamping.com\/website\/?page_id=12531"},"modified":"2023-07-18T13:14:54","modified_gmt":"2023-07-18T13:14:54","slug":"sustentabilidade","status":"publish","type":"page","link":"https:\/\/naturaglamping.com\/website\/sustentabilidade\/","title":{"rendered":"Sustentabilidade"},"content":{"rendered":"\t\t<div data-elementor-type=\"wp-page\" data-elementor-id=\"12531\" class=\"elementor elementor-12531\">\n\t\t\t\t\t\t<section class=\"elementor-section elementor-top-section elementor-element elementor-element-bac1a59 elementor-section-boxed elementor-section-height-default elementor-section-height-default\" data-id=\"bac1a59\" data-element_type=\"section\" data-e-type=\"section\">\n\t\t\t\t\t\t<div class=\"elementor-container elementor-column-gap-default\">\n\t\t\t\t\t<div class=\"elementor-column elementor-col-50 elementor-top-column elementor-element elementor-element-d3223f3\" data-id=\"d3223f3\" data-element_type=\"column\" data-e-type=\"column\">\n\t\t\t<div class=\"elementor-widget-wrap elementor-element-populated\">\n\t\t\t\t\t\t<div class=\"elementor-element elementor-element-43cb8e6 elementor-widget elementor-widget-heading\" data-id=\"43cb8e6\" data-element_type=\"widget\" data-e-type=\"widget\" data-widget_type=\"heading.default\">\n\t\t\t\t<div class=\"elementor-widget-container\">\n\t\t\t\t\t<h2 class=\"elementor-heading-title elementor-size-default\">Sustentabilidade<br><br>Pol\u00edtica de Turismo Respons\u00e1vel<\/h2>\t\t\t\t<\/div>\n\t\t\t\t<\/div>\n\t\t\t\t<section class=\"elementor-section elementor-inner-section elementor-element elementor-element-191cc0b elementor-section-boxed elementor-section-height-default elementor-section-height-default\" data-id=\"191cc0b\" data-element_type=\"section\" data-e-type=\"section\">\n\t\t\t\t\t\t<div class=\"elementor-container elementor-column-gap-default\">\n\t\t\t\t\t<div class=\"elementor-column elementor-col-50 elementor-inner-column elementor-element elementor-element-802d03e\" data-id=\"802d03e\" data-element_type=\"column\" data-e-type=\"column\">\n\t\t\t<div class=\"elementor-widget-wrap elementor-element-populated\">\n\t\t\t\t\t\t<div class=\"elementor-element elementor-element-7eb2d2d elementor-widget elementor-widget-image\" data-id=\"7eb2d2d\" data-element_type=\"widget\" data-e-type=\"widget\" data-widget_type=\"image.default\">\n\t\t\t\t<div class=\"elementor-widget-container\">\n\t\t\t\t\t\t\t\t\t\t\t\t\t\t\t<img decoding=\"async\" src=\"https:\/\/naturaglamping.com\/website\/wp-content\/uploads\/elementor\/thumbs\/manual_sustentabilidade_v2-100x100-1-q9lfts6ftxb8eo1nq9p8uqhjdedovc4p4iqvpowxz4.png\" title=\"manual_sustentabilidade_v2-100&#215;100\" alt=\"manual_sustentabilidade_v2-100x100\" loading=\"lazy\" \/>\t\t\t\t\t\t\t\t\t\t\t\t\t\t\t<\/div>\n\t\t\t\t<\/div>\n\t\t\t\t\t<\/div>\n\t\t<\/div>\n\t\t\t\t<div class=\"elementor-column elementor-col-50 elementor-inner-column elementor-element elementor-element-2f2ced9\" data-id=\"2f2ced9\" data-element_type=\"column\" data-e-type=\"column\">\n\t\t\t<div class=\"elementor-widget-wrap elementor-element-populated\">\n\t\t\t\t\t\t<div class=\"elementor-element elementor-element-b2c2275 elementor-widget elementor-widget-image\" data-id=\"b2c2275\" data-element_type=\"widget\" data-e-type=\"widget\" data-widget_type=\"image.default\">\n\t\t\t\t<div class=\"elementor-widget-container\">\n\t\t\t\t\t\t\t\t\t\t\t\t\t\t\t<img decoding=\"async\" src=\"https:\/\/naturaglamping.com\/website\/wp-content\/uploads\/elementor\/thumbs\/biosphere_committed_company-150x150-1-q9lftllki3285eb7souuva5b7pa4dgekrm6hcr6p6o.png\" title=\"biosphere_committed_company-150&#215;150\" alt=\"biosphere_committed_company-150x150\" loading=\"lazy\" \/>\t\t\t\t\t\t\t\t\t\t\t\t\t\t\t<\/div>\n\t\t\t\t<\/div>\n\t\t\t\t\t<\/div>\n\t\t<\/div>\n\t\t\t\t\t<\/div>\n\t\t<\/section>\n\t\t\t\t\t<\/div>\n\t\t<\/div>\n\t\t\t\t<div class=\"elementor-column elementor-col-50 elementor-top-column elementor-element elementor-element-36b7bd1\" data-id=\"36b7bd1\" data-element_type=\"column\" data-e-type=\"column\">\n\t\t\t<div class=\"elementor-widget-wrap elementor-element-populated\">\n\t\t\t\t\t\t<div class=\"elementor-element elementor-element-8e8ee4b elementor-widget elementor-widget-text-editor\" data-id=\"8e8ee4b\" data-element_type=\"widget\" data-e-type=\"widget\" data-widget_type=\"text-editor.default\">\n\t\t\t\t<div class=\"elementor-widget-container\">\n\t\t\t\t\t\t\t\t\t<p>O Natura Glamping est\u00e1 consciente da import\u00e2ncia de manter um desenvolvimento tur\u00edstico sustent\u00e1vel, assumindo os princ\u00edpios adotados especificamente na Carta Mundial de Turismo Sustent\u00e1vel. O Natura Glamping compromete-se a levar a cabo uma gest\u00e3o sustent\u00e1vel das suas atividades,,mediante a ado\u00e7\u00e3o de compromissos orientados a prevenir, eliminar ou reduzir o impacto das nossas instala\u00e7\u00f5es e atividades, tanto internas como externas, assim como otimizar a sustentabilidade do estabelecimento, melhorando o seu comportamento para com o ambiente.<br \/>Com esse prop\u00f3sito, o Natura Glamping adotou a seguinte pol\u00edtica de turismo respons\u00e1vel, mediante a qual se compromete a cumprir com os requisitos estabelecidos no referencial <em>Biosphere<\/em> que inclui, entre outros assuntos, os requisitos legais que regulam os efeitos gerados pela atividade tur\u00edstica.<\/p>\t\t\t\t\t\t\t\t<\/div>\n\t\t\t\t<\/div>\n\t\t\t\t<section class=\"elementor-section elementor-inner-section elementor-element elementor-element-fff4da8 elementor-section-boxed elementor-section-height-default elementor-section-height-default\" data-id=\"fff4da8\" data-element_type=\"section\" data-e-type=\"section\">\n\t\t\t\t\t\t<div class=\"elementor-container elementor-column-gap-default\">\n\t\t\t\t\t<div class=\"elementor-column elementor-col-100 elementor-inner-column elementor-element elementor-element-84e6f1e\" data-id=\"84e6f1e\" data-element_type=\"column\" data-e-type=\"column\">\n\t\t\t<div class=\"elementor-widget-wrap elementor-element-populated\">\n\t\t\t\t\t\t<div class=\"elementor-element elementor-element-2cc7863 elementor-widget elementor-widget-text-editor\" data-id=\"2cc7863\" data-element_type=\"widget\" data-e-type=\"widget\" data-widget_type=\"text-editor.default\">\n\t\t\t\t<div class=\"elementor-widget-container\">\n\t\t\t\t\t\t\t\t\t<p><span class=\"eael-fancy-text-prefix\">Esta Pol\u00edtica<\/span>\u00a0<span id=\"eael-fancy-text-5cefc89\" class=\"eael-fancy-text-strings solid-color\">de Turismo Respons\u00e1vel atualizar-se-\u00e1 sempre que as circunst\u00e2ncias o exijam, adotando e publicando em ambos casos novos objetivos de <\/span><span class=\"eael-fancy-text-suffix\">sustentabilidade.<\/span><\/p>\t\t\t\t\t\t\t\t<\/div>\n\t\t\t\t<\/div>\n\t\t\t\t\t<\/div>\n\t\t<\/div>\n\t\t\t\t\t<\/div>\n\t\t<\/section>\n\t\t\t\t\t<\/div>\n\t\t<\/div>\n\t\t\t\t\t<\/div>\n\t\t<\/section>\n\t\t\t\t<section class=\"elementor-section elementor-top-section elementor-element elementor-element-3c4abbc elementor-section-boxed elementor-section-height-default elementor-section-height-default\" data-id=\"3c4abbc\" data-element_type=\"section\" data-e-type=\"section\">\n\t\t\t\t\t\t<div class=\"elementor-container elementor-column-gap-default\">\n\t\t\t\t\t<div class=\"elementor-column elementor-col-100 elementor-top-column elementor-element elementor-element-1294f41\" data-id=\"1294f41\" data-element_type=\"column\" data-e-type=\"column\">\n\t\t\t<div class=\"elementor-widget-wrap elementor-element-populated\">\n\t\t\t\t\t\t<div class=\"elementor-element elementor-element-b75f2e9 elementor-tabs-view-horizontal elementor-widget elementor-widget-tabs\" data-id=\"b75f2e9\" data-element_type=\"widget\" data-e-type=\"widget\" data-widget_type=\"tabs.default\">\n\t\t\t\t<div class=\"elementor-widget-container\">\n\t\t\t\t\t\t\t<div class=\"elementor-tabs\">\n\t\t\t<div class=\"elementor-tabs-wrapper\" role=\"tablist\" >\n\t\t\t\t\t\t\t\t\t<div id=\"elementor-tab-title-1921\" class=\"elementor-tab-title elementor-tab-desktop-title\" aria-selected=\"true\" data-tab=\"1\" role=\"tab\" tabindex=\"0\" aria-controls=\"elementor-tab-content-1921\" aria-expanded=\"false\">Miss\u00e3o<\/div>\n\t\t\t\t\t\t\t\t\t<div id=\"elementor-tab-title-1922\" class=\"elementor-tab-title elementor-tab-desktop-title\" aria-selected=\"false\" data-tab=\"2\" role=\"tab\" tabindex=\"-1\" aria-controls=\"elementor-tab-content-1922\" aria-expanded=\"false\">Vis\u00e3o<\/div>\n\t\t\t\t\t\t\t\t\t<div id=\"elementor-tab-title-1923\" class=\"elementor-tab-title elementor-tab-desktop-title\" aria-selected=\"false\" data-tab=\"3\" role=\"tab\" tabindex=\"-1\" aria-controls=\"elementor-tab-content-1923\" aria-expanded=\"false\">Valores<\/div>\n\t\t\t\t\t\t\t<\/div>\n\t\t\t<div class=\"elementor-tabs-content-wrapper\" role=\"tablist\" aria-orientation=\"vertical\">\n\t\t\t\t\t\t\t\t\t<div class=\"elementor-tab-title elementor-tab-mobile-title\" aria-selected=\"true\" data-tab=\"1\" role=\"tab\" tabindex=\"0\" aria-controls=\"elementor-tab-content-1921\" aria-expanded=\"false\">Miss\u00e3o<\/div>\n\t\t\t\t\t<div id=\"elementor-tab-content-1921\" class=\"elementor-tab-content elementor-clearfix\" data-tab=\"1\" role=\"tabpanel\" aria-labelledby=\"elementor-tab-title-1921\" tabindex=\"0\" hidden=\"false\"><ul><li>Valorizar sempre os princ\u00edpios da sustentabilidade;<\/li><li>Utilizar a Serra da Gardunha como fonte de inspira\u00e7\u00e3o e promover toda a sua envolvente paisag\u00edstica ao desenvolver atividades e experi\u00eancias diversificadas ligadas \u00e0 Natureza;<\/li><li>Preservar o ambiente, incentivar a intera\u00e7\u00e3o dos h\u00f3spedes com a comunidade local e dar a conhecer as tradi\u00e7\u00f5es, costumes e cultura portuguesa;<\/li><li>Oferecer um servi\u00e7o de qualidade e diferenciador evidenciado nas suas instala\u00e7\u00f5es, na prefer\u00eancia e utiliza\u00e7\u00e3o de produtos end\u00f3genos, na oferta de experi\u00eancias diferenciadas e na proximidade e bem receber dos h\u00f3spedes.<\/li><\/ul><\/div>\n\t\t\t\t\t\t\t\t\t<div class=\"elementor-tab-title elementor-tab-mobile-title\" aria-selected=\"false\" data-tab=\"2\" role=\"tab\" tabindex=\"-1\" aria-controls=\"elementor-tab-content-1922\" aria-expanded=\"false\">Vis\u00e3o<\/div>\n\t\t\t\t\t<div id=\"elementor-tab-content-1922\" class=\"elementor-tab-content elementor-clearfix\" data-tab=\"2\" role=\"tabpanel\" aria-labelledby=\"elementor-tab-title-1922\" tabindex=\"0\" hidden=\"hidden\"><p>Apostamos num conceito ecol\u00f3gico, glamoroso e inovador do Turismo de Natureza, bem como<br \/>num servi\u00e7o de qualidade diferenciador, tendo em conta a diversifica\u00e7\u00e3o da oferta de experi\u00eancias, contribuindo assim para o desenvolvimento do turismo na regi\u00e3o, nomeadamente no Fund\u00e3o.<\/p><\/div>\n\t\t\t\t\t\t\t\t\t<div class=\"elementor-tab-title elementor-tab-mobile-title\" aria-selected=\"false\" data-tab=\"3\" role=\"tab\" tabindex=\"-1\" aria-controls=\"elementor-tab-content-1923\" aria-expanded=\"false\">Valores<\/div>\n\t\t\t\t\t<div id=\"elementor-tab-content-1923\" class=\"elementor-tab-content elementor-clearfix\" data-tab=\"3\" role=\"tabpanel\" aria-labelledby=\"elementor-tab-title-1923\" tabindex=\"0\" hidden=\"hidden\"><ul><li>Sustentabilidade ambiental, social e econ\u00f3mica;<\/li><li>Inova\u00e7\u00e3o;<\/li><li>Tranquilidade;<\/li><li>Valoriza\u00e7\u00e3o por produtos regionais, biol\u00f3gicos e sazonais;<\/li><li>Bem-estar e respeito pelos nossos h\u00f3spedes;<\/li><li>Valoriza\u00e7\u00e3o da comunidade e do patrim\u00f3nio local, bem como regional;<\/li><li>Qualidade e melhoria cont\u00ednua na presta\u00e7\u00e3o de servi\u00e7o;<\/li><\/ul><\/div>\n\t\t\t\t\t\t\t<\/div>\n\t\t<\/div>\n\t\t\t\t\t\t<\/div>\n\t\t\t\t<\/div>\n\t\t\t\t\t<\/div>\n\t\t<\/div>\n\t\t\t\t\t<\/div>\n\t\t<\/section>\n\t\t\t\t<\/div>\n\t\t","protected":false},"excerpt":{"rendered":"<p>Sustentabilidade Pol\u00edtica de Turismo Respons\u00e1vel O Natura Glamping est\u00e1 consciente da import\u00e2ncia de manter um desenvolvimento tur\u00edstico sustent\u00e1vel, assumindo os princ\u00edpios adotados especificamente na Carta Mundial de Turismo Sustent\u00e1vel. O Natura Glamping compromete-se a levar a cabo uma gest\u00e3o sustent\u00e1vel das suas atividades,,mediante a ado\u00e7\u00e3o de compromissos orientados a prevenir, eliminar ou reduzir o impacto [&hellip;]<\/p>\n","protected":false},"author":3,"featured_media":0,"parent":0,"menu_order":0,"comment_status":"closed","ping_status":"closed","template":"elementor_header_footer","meta":{"footnotes":""},"class_list":["post-12531","page","type-page","status-publish","hentry"],"_links":{"self":[{"href":"https:\/\/naturaglamping.com\/website\/wp-json\/wp\/v2\/pages\/12531","targetHints":{"allow":["GET"]}}],"collection":[{"href":"https:\/\/naturaglamping.com\/website\/wp-json\/wp\/v2\/pages"}],"about":[{"href":"https:\/\/naturaglamping.com\/website\/wp-json\/wp\/v2\/types\/page"}],"author":[{"embeddable":true,"href":"https:\/\/naturaglamping.com\/website\/wp-json\/wp\/v2\/users\/3"}],"replies":[{"embeddable":true,"href":"https:\/\/naturaglamping.com\/website\/wp-json\/wp\/v2\/comments?post=12531"}],"version-history":[{"count":16,"href":"https:\/\/naturaglamping.com\/website\/wp-json\/wp\/v2\/pages\/12531\/revisions"}],"predecessor-version":[{"id":12549,"href":"https:\/\/naturaglamping.com\/website\/wp-json\/wp\/v2\/pages\/12531\/revisions\/12549"}],"wp:attachment":[{"href":"https:\/\/naturaglamping.com\/website\/wp-json\/wp\/v2\/media?parent=12531"}],"curies":[{"name":"wp","href":"https:\/\/api.w.org\/{rel}","templated":true}]}}