{"id":12507,"date":"2023-07-18T11:45:09","date_gmt":"2023-07-18T11:45:09","guid":{"rendered":"https:\/\/naturaglamping.com\/website\/?page_id=12507"},"modified":"2023-07-18T12:06:56","modified_gmt":"2023-07-18T12:06:56","slug":"espacos-comuns","status":"publish","type":"page","link":"https:\/\/naturaglamping.com\/website\/espacos-comuns\/","title":{"rendered":"Espa\u00e7os comuns"},"content":{"rendered":"\t\t<div data-elementor-type=\"wp-page\" data-elementor-id=\"12507\" class=\"elementor elementor-12507\">\n\t\t\t\t\t\t<section class=\"elementor-section elementor-top-section elementor-element elementor-element-bac1a59 elementor-section-boxed elementor-section-height-default elementor-section-height-default\" data-id=\"bac1a59\" data-element_type=\"section\" data-e-type=\"section\">\n\t\t\t\t\t\t<div class=\"elementor-container elementor-column-gap-default\">\n\t\t\t\t\t<div class=\"elementor-column elementor-col-100 elementor-top-column elementor-element elementor-element-d3223f3\" data-id=\"d3223f3\" data-element_type=\"column\" data-e-type=\"column\">\n\t\t\t<div class=\"elementor-widget-wrap elementor-element-populated\">\n\t\t\t\t\t\t<div class=\"elementor-element elementor-element-0c7fe7c elementor-widget elementor-widget-heading\" data-id=\"0c7fe7c\" data-element_type=\"widget\" data-e-type=\"widget\" data-widget_type=\"heading.default\">\n\t\t\t\t<div class=\"elementor-widget-container\">\n\t\t\t\t\t<h2 class=\"elementor-heading-title elementor-size-default\">Natura Glamping \u2212 Turismo de Natureza com <i>Glamour<\/i><br><br> Espa\u00e7os Comuns<br><br><\/h2>\t\t\t\t<\/div>\n\t\t\t\t<\/div>\n\t\t\t\t<section class=\"elementor-section elementor-inner-section elementor-element elementor-element-191cc0b elementor-section-boxed elementor-section-height-default elementor-section-height-default\" data-id=\"191cc0b\" data-element_type=\"section\" data-e-type=\"section\">\n\t\t\t\t\t\t<div class=\"elementor-container elementor-column-gap-default\">\n\t\t\t\t\t<div class=\"elementor-column elementor-col-50 elementor-inner-column elementor-element elementor-element-802d03e\" data-id=\"802d03e\" data-element_type=\"column\" data-e-type=\"column\">\n\t\t\t<div class=\"elementor-widget-wrap elementor-element-populated\">\n\t\t\t\t\t\t<div class=\"elementor-element elementor-element-eca0fc8 elementor-widget elementor-widget-heading\" data-id=\"eca0fc8\" data-element_type=\"widget\" data-e-type=\"widget\" data-widget_type=\"heading.default\">\n\t\t\t\t<div class=\"elementor-widget-container\">\n\t\t\t\t\t<h2 class=\"elementor-heading-title elementor-size-default\">Zona de Refei\u00e7\u00f5es<\/h2>\t\t\t\t<\/div>\n\t\t\t\t<\/div>\n\t\t\t\t<div class=\"elementor-element elementor-element-e1ae171 elementor-widget elementor-widget-text-editor\" data-id=\"e1ae171\" data-element_type=\"widget\" data-e-type=\"widget\" data-widget_type=\"text-editor.default\">\n\t\t\t\t<div class=\"elementor-widget-container\">\n\t\t\t\t\t\t\t\t\t<p>Situado no edif\u00edcio da rece\u00e7\u00e3o, no piso superior, com vista panor\u00e2mica para a Serra da Estrela, Monsanto e para o vale da Cova da Beira. Neste espa\u00e7o ter\u00e1 a oportunidade de degustar um pequeno-almo\u00e7o\u00a0<em>buffet<\/em>, pratos, petiscos e bebidas variadas.<\/p><p>A nossa oferta alimentar assenta numa solu\u00e7\u00e3o diversificada, procurando disponibilizar atrav\u00e9s de produtores locais, os melhores alimentos (preferencialmente biol\u00f3gicos) respeitando as suas sazonalidades.<\/p><p>Temos ao seu dispor refei\u00e7\u00f5es ligeiras (almo\u00e7o\/jantar sob reserva), lanches e petiscos que poder\u00e1 degustar na sala de refei\u00e7\u00f5es, bar ou esplanada.<\/p><p>Caso pretenda uma refei\u00e7\u00e3o baseada em cozinha de autor, poder\u00e1 visitar o nosso restaurante <a style=\"color: #af1d34;\" href=\"http:\/\/www.alkimya.pt\/\">ALKIMYA<\/a>.<\/p>\t\t\t\t\t\t\t\t<\/div>\n\t\t\t\t<\/div>\n\t\t\t\t\t<\/div>\n\t\t<\/div>\n\t\t\t\t<div class=\"elementor-column elementor-col-50 elementor-inner-column elementor-element elementor-element-2f2ced9\" data-id=\"2f2ced9\" data-element_type=\"column\" data-e-type=\"column\">\n\t\t\t<div class=\"elementor-widget-wrap elementor-element-populated\">\n\t\t\t\t\t\t<div class=\"elementor-element elementor-element-8a76822 elementor-arrows-position-inside elementor-pagination-position-outside elementor-widget elementor-widget-image-carousel\" data-id=\"8a76822\" data-element_type=\"widget\" data-e-type=\"widget\" data-settings=\"{&quot;slides_to_show&quot;:&quot;1&quot;,&quot;navigation&quot;:&quot;both&quot;,&quot;autoplay&quot;:&quot;yes&quot;,&quot;pause_on_hover&quot;:&quot;yes&quot;,&quot;pause_on_interaction&quot;:&quot;yes&quot;,&quot;autoplay_speed&quot;:5000,&quot;infinite&quot;:&quot;yes&quot;,&quot;effect&quot;:&quot;slide&quot;,&quot;speed&quot;:500}\" data-widget_type=\"image-carousel.default\">\n\t\t\t\t<div class=\"elementor-widget-container\">\n\t\t\t\t\t\t\t<div class=\"elementor-image-carousel-wrapper swiper\" role=\"region\" aria-roledescription=\"carousel\" aria-label=\"Carrossel de imagens\" dir=\"ltr\">\n\t\t\t<div class=\"elementor-image-carousel swiper-wrapper\" aria-live=\"off\">\n\t\t\t\t\t\t\t\t<div class=\"swiper-slide\" role=\"group\" aria-roledescription=\"slide\" aria-label=\"1 of 7\"><figure class=\"swiper-slide-inner\"><img decoding=\"async\" class=\"swiper-slide-image\" src=\"https:\/\/naturaglamping.com\/website\/wp-content\/uploads\/elementor\/thumbs\/IMG-20190210-WA0007-q9ddmmvajrhl334mtmij0sybpqh9316u1y1yo703ds.jpg\" alt=\"IMG-20190210-WA0007\" \/><\/figure><\/div><div class=\"swiper-slide\" role=\"group\" aria-roledescription=\"slide\" aria-label=\"2 of 7\"><figure class=\"swiper-slide-inner\"><img decoding=\"async\" class=\"swiper-slide-image\" src=\"https:\/\/naturaglamping.com\/website\/wp-content\/uploads\/elementor\/thumbs\/IMG-20190210-WA0006-q9ddmkzm63f0fv7d4lp9vtfeiyqinmzddoqzpn2vq8.jpg\" alt=\"IMG-20190210-WA0006\" \/><\/figure><\/div><div class=\"swiper-slide\" role=\"group\" aria-roledescription=\"slide\" aria-label=\"3 of 7\"><figure class=\"swiper-slide-inner\"><img decoding=\"async\" class=\"swiper-slide-image\" src=\"https:\/\/naturaglamping.com\/website\/wp-content\/uploads\/elementor\/thumbs\/IMG-20190210-WA0005-q9ddmk1rz9dq498qa3anbbnxxkv5fxvn1k3i8d49wg.jpg\" alt=\"IMG-20190210-WA0005\" \/><\/figure><\/div><div class=\"swiper-slide\" role=\"group\" aria-roledescription=\"slide\" aria-label=\"4 of 7\"><figure class=\"swiper-slide-inner\"><img decoding=\"async\" class=\"swiper-slide-image\" src=\"https:\/\/naturaglamping.com\/website\/wp-content\/uploads\/elementor\/thumbs\/IMG-20190210-WA0004-q9ddmgaf7x8ktte6w1o51cm3k1dol5gpp1hkb99ulc.jpg\" alt=\"IMG-20190210-WA0004\" \/><\/figure><\/div><div class=\"swiper-slide\" role=\"group\" aria-roledescription=\"slide\" aria-label=\"5 of 7\"><figure class=\"swiper-slide-inner\"><img decoding=\"async\" class=\"swiper-slide-image\" src=\"https:\/\/naturaglamping.com\/website\/wp-content\/uploads\/elementor\/thumbs\/IMG-20190210-WA0003-q9ddmdgwnf4puziacig9bvbprvrky25ionj3vfe140.jpg\" alt=\"IMG-20190210-WA0003\" \/><\/figure><\/div><div class=\"swiper-slide\" role=\"group\" aria-roledescription=\"slide\" aria-label=\"6 of 7\"><figure class=\"swiper-slide-inner\"><img decoding=\"async\" class=\"swiper-slide-image\" src=\"https:\/\/naturaglamping.com\/website\/wp-content\/uploads\/elementor\/thumbs\/IMG-20190210-WA0002-q9ddmcj2gl3fjdjni01mrdk96hw7qd1scivme5ffa8.jpg\" alt=\"IMG-20190210-WA0002\" \/><\/figure><\/div><div class=\"swiper-slide\" role=\"group\" aria-roledescription=\"slide\" aria-label=\"7 of 7\"><figure class=\"swiper-slide-inner\"><img decoding=\"async\" class=\"swiper-slide-image\" src=\"https:\/\/naturaglamping.com\/website\/wp-content\/uploads\/elementor\/thumbs\/IMG-20190210-WA0001-q9ddm9pjw2zkkjnqygtr1w9veca439qlc4x5ybjlsw.jpg\" alt=\"IMG-20190210-WA0001\" \/><\/figure><\/div>\t\t\t<\/div>\n\t\t\t\t\t\t\t\t\t\t\t\t<div class=\"elementor-swiper-button elementor-swiper-button-prev\" role=\"button\" tabindex=\"0\">\n\t\t\t\t\t\t<i aria-hidden=\"true\" class=\"eicon-chevron-left\"><\/i>\t\t\t\t\t<\/div>\n\t\t\t\t\t<div class=\"elementor-swiper-button elementor-swiper-button-next\" role=\"button\" tabindex=\"0\">\n\t\t\t\t\t\t<i aria-hidden=\"true\" class=\"eicon-chevron-right\"><\/i>\t\t\t\t\t<\/div>\n\t\t\t\t\n\t\t\t\t\t\t\t\t\t<div class=\"swiper-pagination\"><\/div>\n\t\t\t\t\t\t\t\t\t<\/div>\n\t\t\t\t\t\t<\/div>\n\t\t\t\t<\/div>\n\t\t\t\t\t<\/div>\n\t\t<\/div>\n\t\t\t\t\t<\/div>\n\t\t<\/section>\n\t\t\t\t<section class=\"elementor-section elementor-inner-section elementor-element elementor-element-272b19c elementor-section-boxed elementor-section-height-default elementor-section-height-default\" data-id=\"272b19c\" data-element_type=\"section\" data-e-type=\"section\">\n\t\t\t\t\t\t<div class=\"elementor-container elementor-column-gap-default\">\n\t\t\t\t\t<div class=\"elementor-column elementor-col-50 elementor-inner-column elementor-element elementor-element-7c6ad54\" data-id=\"7c6ad54\" data-element_type=\"column\" data-e-type=\"column\">\n\t\t\t<div class=\"elementor-widget-wrap elementor-element-populated\">\n\t\t\t\t\t\t<div class=\"elementor-element elementor-element-5591828 elementor-arrows-position-inside elementor-pagination-position-outside elementor-widget elementor-widget-image-carousel\" data-id=\"5591828\" data-element_type=\"widget\" data-e-type=\"widget\" data-settings=\"{&quot;slides_to_show&quot;:&quot;1&quot;,&quot;navigation&quot;:&quot;both&quot;,&quot;autoplay&quot;:&quot;yes&quot;,&quot;pause_on_hover&quot;:&quot;yes&quot;,&quot;pause_on_interaction&quot;:&quot;yes&quot;,&quot;autoplay_speed&quot;:5000,&quot;infinite&quot;:&quot;yes&quot;,&quot;effect&quot;:&quot;slide&quot;,&quot;speed&quot;:500}\" data-widget_type=\"image-carousel.default\">\n\t\t\t\t<div class=\"elementor-widget-container\">\n\t\t\t\t\t\t\t<div class=\"elementor-image-carousel-wrapper swiper\" role=\"region\" aria-roledescription=\"carousel\" aria-label=\"Carrossel de imagens\" dir=\"ltr\">\n\t\t\t<div class=\"elementor-image-carousel swiper-wrapper\" aria-live=\"off\">\n\t\t\t\t\t\t\t\t<div class=\"swiper-slide\" role=\"group\" aria-roledescription=\"slide\" aria-label=\"1 of 6\"><figure class=\"swiper-slide-inner\"><img decoding=\"async\" class=\"swiper-slide-image\" src=\"https:\/\/naturaglamping.com\/website\/wp-content\/uploads\/elementor\/thumbs\/P_20181020_145351_PN-q9ddlgkk07vokmu2om8belmkze9qgniww4p42qqt5s.jpg\" alt=\"P_20181020_145351_PN\" \/><\/figure><\/div><div class=\"swiper-slide\" role=\"group\" aria-roledescription=\"slide\" aria-label=\"2 of 6\"><figure class=\"swiper-slide-inner\"><img decoding=\"async\" class=\"swiper-slide-image\" src=\"https:\/\/naturaglamping.com\/website\/wp-content\/uploads\/elementor\/thumbs\/IMG_20181112_115140_971-q9ddlfmptdue90vfu3tou3v4e0ed8yf6k01mlgs7c0.jpg\" alt=\"IMG_20181112_115140_971\" \/><\/figure><\/div><div class=\"swiper-slide\" role=\"group\" aria-roledescription=\"slide\" aria-label=\"3 of 6\"><figure class=\"swiper-slide-inner\"><img decoding=\"async\" class=\"swiper-slide-image\" src=\"https:\/\/naturaglamping.com\/website\/wp-content\/uploads\/elementor\/thumbs\/IMG_20181021_165039_431-q9ddldr1fprtlsy6530fp4c778nmtk7pvqqnmwuzog.jpg\" alt=\"IMG_20181021_165039_431\" \/><\/figure><\/div><div class=\"swiper-slide\" role=\"group\" aria-roledescription=\"slide\" aria-label=\"4 of 6\"><figure class=\"swiper-slide-inner\"><img decoding=\"async\" class=\"swiper-slide-image\" src=\"https:\/\/naturaglamping.com\/website\/wp-content\/uploads\/elementor\/thumbs\/IMG-20181129-WA0008-q9ddgx0mz1nsghfn7nj8cqwdmcnv9bhm9n6mklhb8g.jpg\" alt=\"IMG-20181129-WA0008\" \/><\/figure><\/div><div class=\"swiper-slide\" role=\"group\" aria-roledescription=\"slide\" aria-label=\"5 of 6\"><figure class=\"swiper-slide-inner\"><img decoding=\"async\" class=\"swiper-slide-image\" src=\"https:\/\/naturaglamping.com\/website\/wp-content\/uploads\/elementor\/thumbs\/IMG-20181129-WA0005-q9ddgu74ejjxhnjqo4bcn9lzu71rm86f99864rlhr4.jpg\" alt=\"IMG-20181129-WA0005\" \/><\/figure><\/div><div class=\"swiper-slide\" role=\"group\" aria-roledescription=\"slide\" aria-label=\"6 of 6\"><figure class=\"swiper-slide-inner\"><img decoding=\"async\" class=\"swiper-slide-image\" src=\"https:\/\/naturaglamping.com\/website\/wp-content\/uploads\/elementor\/thumbs\/IMG-20181129-WA0003-q9ddgt9a7pin61l3tlwq2ruj8t6eej2ox4konhmvxc.jpg\" alt=\"IMG-20181129-WA0003\" \/><\/figure><\/div>\t\t\t<\/div>\n\t\t\t\t\t\t\t\t\t\t\t\t<div class=\"elementor-swiper-button elementor-swiper-button-prev\" role=\"button\" tabindex=\"0\">\n\t\t\t\t\t\t<i aria-hidden=\"true\" class=\"eicon-chevron-left\"><\/i>\t\t\t\t\t<\/div>\n\t\t\t\t\t<div class=\"elementor-swiper-button elementor-swiper-button-next\" role=\"button\" tabindex=\"0\">\n\t\t\t\t\t\t<i aria-hidden=\"true\" class=\"eicon-chevron-right\"><\/i>\t\t\t\t\t<\/div>\n\t\t\t\t\n\t\t\t\t\t\t\t\t\t<div class=\"swiper-pagination\"><\/div>\n\t\t\t\t\t\t\t\t\t<\/div>\n\t\t\t\t\t\t<\/div>\n\t\t\t\t<\/div>\n\t\t\t\t\t<\/div>\n\t\t<\/div>\n\t\t\t\t<div class=\"elementor-column elementor-col-50 elementor-inner-column elementor-element elementor-element-fa7e4c4\" data-id=\"fa7e4c4\" data-element_type=\"column\" data-e-type=\"column\">\n\t\t\t<div class=\"elementor-widget-wrap elementor-element-populated\">\n\t\t\t\t\t\t<div class=\"elementor-element elementor-element-b701e67 elementor-widget elementor-widget-heading\" data-id=\"b701e67\" data-element_type=\"widget\" data-e-type=\"widget\" data-widget_type=\"heading.default\">\n\t\t\t\t<div class=\"elementor-widget-container\">\n\t\t\t\t\t<h2 class=\"elementor-heading-title elementor-size-default\">Piscina<\/h2>\t\t\t\t<\/div>\n\t\t\t\t<\/div>\n\t\t\t\t<div class=\"elementor-element elementor-element-6c0a6ae elementor-widget elementor-widget-text-editor\" data-id=\"6c0a6ae\" data-element_type=\"widget\" data-e-type=\"widget\" data-widget_type=\"text-editor.default\">\n\t\t\t\t<div class=\"elementor-widget-container\">\n\t\t\t\t\t\t\t\t\t<p>Venha refrescar-se numa fant\u00e1stica piscina infinita de \u00e1gua salgada, com vistas fabulosas para a Cova da Beira e da Serra da Estrela.<\/p>\t\t\t\t\t\t\t\t<\/div>\n\t\t\t\t<\/div>\n\t\t\t\t\t<\/div>\n\t\t<\/div>\n\t\t\t\t\t<\/div>\n\t\t<\/section>\n\t\t\t\t\t<\/div>\n\t\t<\/div>\n\t\t\t\t\t<\/div>\n\t\t<\/section>\n\t\t\t\t<section class=\"elementor-section elementor-top-section elementor-element elementor-element-aff0ab7 elementor-section-boxed elementor-section-height-default elementor-section-height-default\" data-id=\"aff0ab7\" data-element_type=\"section\" data-e-type=\"section\">\n\t\t\t\t\t\t<div class=\"elementor-container elementor-column-gap-default\">\n\t\t\t\t\t<div class=\"elementor-column elementor-col-100 elementor-top-column elementor-element elementor-element-be7d3ff\" data-id=\"be7d3ff\" data-element_type=\"column\" data-e-type=\"column\">\n\t\t\t<div class=\"elementor-widget-wrap elementor-element-populated\">\n\t\t\t\t\t\t<section class=\"elementor-section elementor-inner-section elementor-element elementor-element-27be548 elementor-section-boxed elementor-section-height-default elementor-section-height-default\" data-id=\"27be548\" data-element_type=\"section\" data-e-type=\"section\">\n\t\t\t\t\t\t<div class=\"elementor-container elementor-column-gap-default\">\n\t\t\t\t\t<div class=\"elementor-column elementor-col-50 elementor-inner-column elementor-element elementor-element-f211ebf\" data-id=\"f211ebf\" data-element_type=\"column\" data-e-type=\"column\">\n\t\t\t<div class=\"elementor-widget-wrap elementor-element-populated\">\n\t\t\t\t\t\t<div class=\"elementor-element elementor-element-0274a1a elementor-widget elementor-widget-heading\" data-id=\"0274a1a\" data-element_type=\"widget\" data-e-type=\"widget\" data-widget_type=\"heading.default\">\n\t\t\t\t<div class=\"elementor-widget-container\">\n\t\t\t\t\t<h2 class=\"elementor-heading-title elementor-size-default\">Rece\u00e7\u00e3o &amp; loja<\/h2>\t\t\t\t<\/div>\n\t\t\t\t<\/div>\n\t\t\t\t<div class=\"elementor-element elementor-element-975c5cc elementor-widget elementor-widget-text-editor\" data-id=\"975c5cc\" data-element_type=\"widget\" data-e-type=\"widget\" data-widget_type=\"text-editor.default\">\n\t\t\t\t<div class=\"elementor-widget-container\">\n\t\t\t\t\t\t\t\t\t<p>Situado no edif\u00edcio da rece\u00e7\u00e3o, no piso superior, com vista panor\u00e2mica para a Serra da Estrela, Monsanto e para o vale da Cova da Beira. Neste espa\u00e7o ter\u00e1 a oportunidade de degustar um pequeno-almo\u00e7o\u00a0<em>buffet<\/em>, pratos, petiscos e bebidas variadas.<\/p><p>A nossa oferta alimentar assenta numa solu\u00e7\u00e3o diversificada, procurando disponibilizar atrav\u00e9s de produtores locais, os melhores alimentos (preferencialmente biol\u00f3gicos) respeitando as suas sazonalidades.<\/p><p>Temos ao seu dispor refei\u00e7\u00f5es ligeiras (almo\u00e7o\/jantar sob reserva), lanches e petiscos que poder\u00e1 degustar na sala de refei\u00e7\u00f5es, bar ou esplanada.<\/p><p>Caso pretenda uma refei\u00e7\u00e3o baseada em cozinha de autor, poder\u00e1 visitar o nosso restaurante <a style=\"color: #af1d34;\" href=\"http:\/\/www.alkimya.pt\/\">ALKIMYA<\/a>.<\/p>\t\t\t\t\t\t\t\t<\/div>\n\t\t\t\t<\/div>\n\t\t\t\t\t<\/div>\n\t\t<\/div>\n\t\t\t\t<div class=\"elementor-column elementor-col-50 elementor-inner-column elementor-element elementor-element-f49292c\" data-id=\"f49292c\" data-element_type=\"column\" data-e-type=\"column\">\n\t\t\t<div class=\"elementor-widget-wrap elementor-element-populated\">\n\t\t\t\t\t\t<div class=\"elementor-element elementor-element-961993e elementor-arrows-position-inside elementor-pagination-position-outside elementor-widget elementor-widget-image-carousel\" data-id=\"961993e\" data-element_type=\"widget\" data-e-type=\"widget\" data-settings=\"{&quot;slides_to_show&quot;:&quot;1&quot;,&quot;navigation&quot;:&quot;both&quot;,&quot;autoplay&quot;:&quot;yes&quot;,&quot;pause_on_hover&quot;:&quot;yes&quot;,&quot;pause_on_interaction&quot;:&quot;yes&quot;,&quot;autoplay_speed&quot;:5000,&quot;infinite&quot;:&quot;yes&quot;,&quot;effect&quot;:&quot;slide&quot;,&quot;speed&quot;:500}\" data-widget_type=\"image-carousel.default\">\n\t\t\t\t<div class=\"elementor-widget-container\">\n\t\t\t\t\t\t\t<div class=\"elementor-image-carousel-wrapper swiper\" role=\"region\" aria-roledescription=\"carousel\" aria-label=\"Carrossel de imagens\" dir=\"ltr\">\n\t\t\t<div class=\"elementor-image-carousel swiper-wrapper\" aria-live=\"off\">\n\t\t\t\t\t\t\t\t<div class=\"swiper-slide\" role=\"group\" aria-roledescription=\"slide\" aria-label=\"1 of 8\"><figure class=\"swiper-slide-inner\"><img decoding=\"async\" class=\"swiper-slide-image\" src=\"https:\/\/naturaglamping.com\/website\/wp-content\/uploads\/elementor\/thumbs\/FB_IMG_1521896634175-q990r6vos0k9xactxhin6x0l6m0ga387loxrd4ivj4-q9leflktes5cksyhurqds5zvv15zlyf065278jbj1c.jpg\" alt=\"FB_IMG_1521896634175-q990r6vos0k9xactxhin6x0l6m0ga387loxrd4ivj4\" \/><\/figure><\/div><div class=\"swiper-slide\" role=\"group\" aria-roledescription=\"slide\" aria-label=\"2 of 8\"><figure class=\"swiper-slide-inner\"><img decoding=\"async\" class=\"swiper-slide-image\" src=\"https:\/\/naturaglamping.com\/website\/wp-content\/uploads\/elementor\/thumbs\/IMG_20181027_020445_701-q990r6vos0k9xactxhin6x0l6m0ga387loxrd4ivj4-q9lefr7ujsd2igqaxu6574knfce6w51e6wz4473600.jpg\" alt=\"IMG_20181027_020445_701-q990r6vos0k9xactxhin6x0l6m0ga387loxrd4ivj4\" \/><\/figure><\/div><div class=\"swiper-slide\" role=\"group\" aria-roledescription=\"slide\" aria-label=\"3 of 8\"><figure class=\"swiper-slide-inner\"><img decoding=\"async\" class=\"swiper-slide-image\" src=\"https:\/\/naturaglamping.com\/website\/wp-content\/uploads\/elementor\/thumbs\/IMG_20190220_012835_961-q990r6vos0k9xactxhin6x0l6m0ga387loxrd4ivj4-q9lefwuvosksg4i40wlwm35eznme6bns7ow0zuusyo.jpg\" alt=\"IMG_20190220_012835_961-q990r6vos0k9xactxhin6x0l6m0ga387loxrd4ivj4\" \/><\/figure><\/div><div class=\"swiper-slide\" role=\"group\" aria-roledescription=\"slide\" aria-label=\"4 of 8\"><figure class=\"swiper-slide-inner\"><img decoding=\"async\" class=\"swiper-slide-image\" src=\"https:\/\/naturaglamping.com\/website\/wp-content\/uploads\/elementor\/thumbs\/IMG_20190302_164636-e1572869226902-q990r6vos0k9xactxhin6x0l6m0ga387loxrd4ivj4-q9lefzoe9aoneye0kftsbkfsrt8hteyz82uhfoqmg0.jpg\" alt=\"IMG_20190302_164636-e1572869226902-q990r6vos0k9xactxhin6x0l6m0ga387loxrd4ivj4\" \/><\/figure><\/div><div class=\"swiper-slide\" role=\"group\" aria-roledescription=\"slide\" aria-label=\"5 of 8\"><figure class=\"swiper-slide-inner\"><img decoding=\"async\" class=\"swiper-slide-image\" src=\"https:\/\/naturaglamping.com\/website\/wp-content\/uploads\/elementor\/thumbs\/IMG-20181024-WA0015-e1572869297771-q990r6vos0k9xactxhin6x0l6m0ga387loxrd4ivj4-q9leg5bfeawdcm5tni9jqj0kc4gp3lld8urebci9eo.jpg\" alt=\"IMG-20181024-WA0015-e1572869297771-q990r6vos0k9xactxhin6x0l6m0ga387loxrd4ivj4\" \/><\/figure><\/div><div class=\"swiper-slide\" role=\"group\" aria-roledescription=\"slide\" aria-label=\"6 of 8\"><figure class=\"swiper-slide-inner\"><img decoding=\"async\" class=\"swiper-slide-image\" src=\"https:\/\/naturaglamping.com\/website\/wp-content\/uploads\/elementor\/thumbs\/IMG-20190619-WA0010-e1572869264832-q990r6vos0k9xactxhin6x0l6m0ga387loxrd4ivj4-q9lega0mch2synyzw2aokztvb1tj6340xi0tpqbajk.jpg\" alt=\"IMG-20190619-WA0010-e1572869264832-q990r6vos0k9xactxhin6x0l6m0ga387loxrd4ivj4\" \/><\/figure><\/div><div class=\"swiper-slide\" role=\"group\" aria-roledescription=\"slide\" aria-label=\"7 of 8\"><figure class=\"swiper-slide-inner\"><img decoding=\"async\" class=\"swiper-slide-image\" src=\"https:\/\/naturaglamping.com\/website\/wp-content\/uploads\/elementor\/thumbs\/9-q990r5xul6izloe72z40mf94l8532e4h9ka9vuk9pc-q9legfnnhhaiwbqsz4qfzyemvd1qg9qey9xqle2xi8.jpg\" alt=\"9-q990r5xul6izloe72z40mf94l8532e4h9ka9vuk9pc\" \/><\/figure><\/div><div class=\"swiper-slide\" role=\"group\" aria-roledescription=\"slide\" aria-label=\"8 of 8\"><figure class=\"swiper-slide-inner\"><img decoding=\"async\" class=\"swiper-slide-image\" src=\"https:\/\/naturaglamping.com\/website\/wp-content\/uploads\/elementor\/thumbs\/1551546710683-q990r5xul6izloe72z40mf94l8532e4h9ka9vuk9pc-q9legn6d05kth7fvr7zgjwibmg0o5uk9nb5mflrs4g.jpg\" alt=\"1551546710683-q990r5xul6izloe72z40mf94l8532e4h9ka9vuk9pc\" \/><\/figure><\/div>\t\t\t<\/div>\n\t\t\t\t\t\t\t\t\t\t\t\t<div class=\"elementor-swiper-button elementor-swiper-button-prev\" role=\"button\" tabindex=\"0\">\n\t\t\t\t\t\t<i aria-hidden=\"true\" class=\"eicon-chevron-left\"><\/i>\t\t\t\t\t<\/div>\n\t\t\t\t\t<div class=\"elementor-swiper-button elementor-swiper-button-next\" role=\"button\" tabindex=\"0\">\n\t\t\t\t\t\t<i aria-hidden=\"true\" class=\"eicon-chevron-right\"><\/i>\t\t\t\t\t<\/div>\n\t\t\t\t\n\t\t\t\t\t\t\t\t\t<div class=\"swiper-pagination\"><\/div>\n\t\t\t\t\t\t\t\t\t<\/div>\n\t\t\t\t\t\t<\/div>\n\t\t\t\t<\/div>\n\t\t\t\t\t<\/div>\n\t\t<\/div>\n\t\t\t\t\t<\/div>\n\t\t<\/section>\n\t\t\t\t\t<\/div>\n\t\t<\/div>\n\t\t\t\t\t<\/div>\n\t\t<\/section>\n\t\t\t\t<\/div>\n\t\t","protected":false},"excerpt":{"rendered":"<p>Natura Glamping \u2212 Turismo de Natureza com Glamour Espa\u00e7os Comuns Zona de Refei\u00e7\u00f5es Situado no edif\u00edcio da rece\u00e7\u00e3o, no piso superior, com vista panor\u00e2mica para a Serra da Estrela, Monsanto e para o vale da Cova da Beira. Neste espa\u00e7o ter\u00e1 a oportunidade de degustar um pequeno-almo\u00e7o\u00a0buffet, pratos, petiscos e bebidas variadas. A nossa oferta [&hellip;]<\/p>\n","protected":false},"author":3,"featured_media":0,"parent":0,"menu_order":0,"comment_status":"closed","ping_status":"closed","template":"elementor_header_footer","meta":{"footnotes":""},"class_list":["post-12507","page","type-page","status-publish","hentry"],"_links":{"self":[{"href":"https:\/\/naturaglamping.com\/website\/wp-json\/wp\/v2\/pages\/12507","targetHints":{"allow":["GET"]}}],"collection":[{"href":"https:\/\/naturaglamping.com\/website\/wp-json\/wp\/v2\/pages"}],"about":[{"href":"https:\/\/naturaglamping.com\/website\/wp-json\/wp\/v2\/types\/page"}],"author":[{"embeddable":true,"href":"https:\/\/naturaglamping.com\/website\/wp-json\/wp\/v2\/users\/3"}],"replies":[{"embeddable":true,"href":"https:\/\/naturaglamping.com\/website\/wp-json\/wp\/v2\/comments?post=12507"}],"version-history":[{"count":4,"href":"https:\/\/naturaglamping.com\/website\/wp-json\/wp\/v2\/pages\/12507\/revisions"}],"predecessor-version":[{"id":12519,"href":"https:\/\/naturaglamping.com\/website\/wp-json\/wp\/v2\/pages\/12507\/revisions\/12519"}],"wp:attachment":[{"href":"https:\/\/naturaglamping.com\/website\/wp-json\/wp\/v2\/media?parent=12507"}],"curies":[{"name":"wp","href":"https:\/\/api.w.org\/{rel}","templated":true}]}}