{"id":12487,"date":"2023-07-18T10:41:59","date_gmt":"2023-07-18T10:41:59","guid":{"rendered":"https:\/\/naturaglamping.com\/website\/?page_id=12487"},"modified":"2023-07-18T11:16:24","modified_gmt":"2023-07-18T11:16:24","slug":"atividades","status":"publish","type":"page","link":"https:\/\/naturaglamping.com\/website\/en\/atividades\/","title":{"rendered":"Activities"},"content":{"rendered":"<div data-elementor-type=\"wp-page\" data-elementor-id=\"12487\" class=\"elementor elementor-12487\">\n\t\t\t\t\t\t<section class=\"elementor-section elementor-top-section elementor-element elementor-element-bac1a59 elementor-section-boxed elementor-section-height-default elementor-section-height-default\" data-id=\"bac1a59\" data-element_type=\"section\" data-e-type=\"section\">\n\t\t\t\t\t\t<div class=\"elementor-container elementor-column-gap-default\">\n\t\t\t\t\t<div class=\"elementor-column elementor-col-100 elementor-top-column elementor-element elementor-element-d3223f3\" data-id=\"d3223f3\" data-element_type=\"column\" data-e-type=\"column\">\n\t\t\t<div class=\"elementor-widget-wrap elementor-element-populated\">\n\t\t\t\t\t\t<div class=\"elementor-element elementor-element-0c7fe7c elementor-widget elementor-widget-heading\" data-id=\"0c7fe7c\" data-element_type=\"widget\" data-e-type=\"widget\" data-widget_type=\"heading.default\">\n\t\t\t\t<div class=\"elementor-widget-container\">\n\t\t\t\t\t<h2 class=\"elementor-heading-title elementor-size-default\">Natura Glamping \u2212 Turismo de Natureza with <i>Glamour<\/i><\/h2>\t\t\t\t<\/div>\n\t\t\t\t<\/div>\n\t\t\t\t<div class=\"elementor-element elementor-element-282315e elementor-widget elementor-widget-text-editor\" data-id=\"282315e\" data-element_type=\"widget\" data-e-type=\"widget\" data-widget_type=\"text-editor.default\">\n\t\t\t\t<div class=\"elementor-widget-container\">\n\t\t\t\t\t\t\t\t\t<p>Various activities and events take place on the property. Please request the schedule.<\/p><ul><li><em>YOGA \u2013 Individual\/group (with a teacher certified by the Portuguese Yoga Confederation)<\/em><\/li><li><em>Relaxation massage (by appointment)<\/em><\/li><li><em>CRIAN\u00c7AS \u2013 Kids\u2019 Area<\/em><\/li><li><em>Games and reading area<\/em><\/li><\/ul><p>We also offer a booking service for the Multipurpose space, where you can hold various leisure activities, work meetings, and more.<\/p>\t\t\t\t\t\t\t\t<\/div>\n\t\t\t\t<\/div>\n\t\t\t\t<section class=\"elementor-section elementor-inner-section elementor-element elementor-element-191cc0b elementor-section-boxed elementor-section-height-default elementor-section-height-default\" data-id=\"191cc0b\" data-element_type=\"section\" data-e-type=\"section\">\n\t\t\t\t\t\t<div class=\"elementor-container elementor-column-gap-default\">\n\t\t\t\t\t<div class=\"elementor-column elementor-col-50 elementor-inner-column elementor-element elementor-element-802d03e\" data-id=\"802d03e\" data-element_type=\"column\" data-e-type=\"column\">\n\t\t\t<div class=\"elementor-widget-wrap elementor-element-populated\">\n\t\t\t\t\t\t<div class=\"elementor-element elementor-element-eca0fc8 elementor-widget elementor-widget-heading\" data-id=\"eca0fc8\" data-element_type=\"widget\" data-e-type=\"widget\" data-widget_type=\"heading.default\">\n\t\t\t\t<div class=\"elementor-widget-container\">\n\t\t\t\t\t<h2 class=\"elementor-heading-title elementor-size-default\">Activities<\/h2>\t\t\t\t<\/div>\n\t\t\t\t<\/div>\n\t\t\t\t<div class=\"elementor-element elementor-element-e1ae171 elementor-widget elementor-widget-text-editor\" data-id=\"e1ae171\" data-element_type=\"widget\" data-e-type=\"widget\" data-widget_type=\"text-editor.default\">\n\t\t\t\t<div class=\"elementor-widget-container\">\n\t\t\t\t\t\t\t\t\t<p>Free activities: walking trails, mountain biking, fitness circuit,\u2026<\/p>\t\t\t\t\t\t\t\t<\/div>\n\t\t\t\t<\/div>\n\t\t\t\t\t<\/div>\n\t\t<\/div>\n\t\t\t\t<div class=\"elementor-column elementor-col-50 elementor-inner-column elementor-element elementor-element-2f2ced9\" data-id=\"2f2ced9\" data-element_type=\"column\" data-e-type=\"column\">\n\t\t\t<div class=\"elementor-widget-wrap elementor-element-populated\">\n\t\t\t\t\t\t<div class=\"elementor-element elementor-element-6676f56 elementor-widget elementor-widget-heading\" data-id=\"6676f56\" data-element_type=\"widget\" data-e-type=\"widget\" data-widget_type=\"heading.default\">\n\t\t\t\t<div class=\"elementor-widget-container\">\n\t\t\t\t\t<h2 class=\"elementor-heading-title elementor-size-default\">Scheduled Visits<\/h2>\t\t\t\t<\/div>\n\t\t\t\t<\/div>\n\t\t\t\t<div class=\"elementor-element elementor-element-29de19b elementor-widget elementor-widget-text-editor\" data-id=\"29de19b\" data-element_type=\"widget\" data-e-type=\"widget\" data-widget_type=\"text-editor.default\">\n\t\t\t\t<div class=\"elementor-widget-container\">\n\t\t\t\t\t\t\t\t\t<ul><li>Cultural \u2013 Schist Villages, Historical Villages, Themed Houses, Serra da Estrela, Environmental interpretation, photography routes, cherry picking, mushrooms, chestnut festival,\u2026<\/li><li>Sports \u2013 Trails, hot air ballooning, horseback riding, canoeing, mountain biking, treetop adventure courses, etc.<\/li><\/ul>\t\t\t\t\t\t\t\t<\/div>\n\t\t\t\t<\/div>\n\t\t\t\t\t<\/div>\n\t\t<\/div>\n\t\t\t\t\t<\/div>\n\t\t<\/section>\n\t\t\t\t\t<\/div>\n\t\t<\/div>\n\t\t\t\t\t<\/div>\n\t\t<\/section>\n\t\t\t\t<section class=\"elementor-section elementor-top-section elementor-element elementor-element-c2d9b05 elementor-section-boxed elementor-section-height-default elementor-section-height-default\" data-id=\"c2d9b05\" data-element_type=\"section\" data-e-type=\"section\">\n\t\t\t\t\t\t<div class=\"elementor-container elementor-column-gap-default\">\n\t\t\t\t\t<div class=\"elementor-column elementor-col-20 elementor-top-column elementor-element elementor-element-4789548\" data-id=\"4789548\" data-element_type=\"column\" data-e-type=\"column\">\n\t\t\t<div class=\"elementor-widget-wrap elementor-element-populated\">\n\t\t\t\t\t\t<div class=\"elementor-element elementor-element-0a26b69 elementor-widget elementor-widget-image\" data-id=\"0a26b69\" data-element_type=\"widget\" data-e-type=\"widget\" data-widget_type=\"image.default\">\n\t\t\t\t<div class=\"elementor-widget-container\">\n\t\t\t\t\t\t\t\t\t\t\t\t\t\t\t<img decoding=\"async\" src=\"https:\/\/naturaglamping.com\/website\/wp-content\/uploads\/elementor\/thumbs\/FB_IMG_1480537282911-q9ddhc1xt3fi86tmtw4sjh1x3rtpngfb4kreyz6az4.jpg\" title=\"FB_IMG_1480537282911\" alt=\"FB_IMG_1480537282911\" loading=\"lazy\" \/>\t\t\t\t\t\t\t\t\t\t\t\t\t\t\t<\/div>\n\t\t\t\t<\/div>\n\t\t\t\t<div class=\"elementor-element elementor-element-ba6e05e elementor-widget elementor-widget-heading\" data-id=\"ba6e05e\" data-element_type=\"widget\" data-e-type=\"widget\" data-widget_type=\"heading.default\">\n\t\t\t\t<div class=\"elementor-widget-container\">\n\t\t\t\t\t<h4 class=\"elementor-heading-title elementor-size-default\">Yoga<\/h4>\t\t\t\t<\/div>\n\t\t\t\t<\/div>\n\t\t\t\t\t<\/div>\n\t\t<\/div>\n\t\t\t\t<div class=\"elementor-column elementor-col-20 elementor-top-column elementor-element elementor-element-24f2e07\" data-id=\"24f2e07\" data-element_type=\"column\" data-e-type=\"column\">\n\t\t\t<div class=\"elementor-widget-wrap elementor-element-populated\">\n\t\t\t\t\t\t<div class=\"elementor-element elementor-element-eb2331b elementor-widget elementor-widget-image\" data-id=\"eb2331b\" data-element_type=\"widget\" data-e-type=\"widget\" data-widget_type=\"image.default\">\n\t\t\t\t<div class=\"elementor-widget-container\">\n\t\t\t\t\t\t\t\t\t\t\t\t\t\t\t<img decoding=\"async\" src=\"https:\/\/naturaglamping.com\/website\/wp-content\/uploads\/elementor\/thumbs\/IMG_0623-e1572868258194-q990r6vmtuiw311psy0pgk7850skgp8ycee0rm79y8-q9lb9hxzlh5fusow6ia96shpwgry7mpza9bcrat8uo.jpg\" title=\"IMG_0623-e1572868258194-q990r6vmtuiw311psy0pgk7850skgp8ycee0rm79y8\" alt=\"IMG_0623-e1572868258194-q990r6vmtuiw311psy0pgk7850skgp8ycee0rm79y8\" loading=\"lazy\" \/>\t\t\t\t\t\t\t\t\t\t\t\t\t\t\t<\/div>\n\t\t\t\t<\/div>\n\t\t\t\t<div class=\"elementor-element elementor-element-8570de6 elementor-widget elementor-widget-heading\" data-id=\"8570de6\" data-element_type=\"widget\" data-e-type=\"widget\" data-widget_type=\"heading.default\">\n\t\t\t\t<div class=\"elementor-widget-container\">\n\t\t\t\t\t<h4 class=\"elementor-heading-title elementor-size-default\">Horseback riding<\/h4>\t\t\t\t<\/div>\n\t\t\t\t<\/div>\n\t\t\t\t\t<\/div>\n\t\t<\/div>\n\t\t\t\t<div class=\"elementor-column elementor-col-20 elementor-top-column elementor-element elementor-element-613b828\" data-id=\"613b828\" data-element_type=\"column\" data-e-type=\"column\">\n\t\t\t<div class=\"elementor-widget-wrap elementor-element-populated\">\n\t\t\t\t\t\t<div class=\"elementor-element elementor-element-395acdf elementor-widget elementor-widget-image\" data-id=\"395acdf\" data-element_type=\"widget\" data-e-type=\"widget\" data-widget_type=\"image.default\">\n\t\t\t\t<div class=\"elementor-widget-container\">\n\t\t\t\t\t\t\t\t\t\t\t\t\t\t\t<img decoding=\"async\" src=\"https:\/\/naturaglamping.com\/website\/wp-content\/uploads\/elementor\/thumbs\/DUATLO-DE-VAVERDE-339-e1572868291646-q990r5xsn0hlrf32yfm2w2frjmx7905809qjac8o4g-q9lbqd5q8g8o6w6vosr8xj9hndn2c3okxqr0s1sx74.jpg\" title=\"DUATLO-DE-VAVERDE-339-e1572868291646-q990r5xsn0hlrf32yfm2w2frjmx7905809qjac8o4g\" alt=\"DUATLO-DE-VAVERDE-339-e1572868291646-q990r5xsn0hlrf32yfm2w2frjmx7905809qjac8o4g\" loading=\"lazy\" \/>\t\t\t\t\t\t\t\t\t\t\t\t\t\t\t<\/div>\n\t\t\t\t<\/div>\n\t\t\t\t<div class=\"elementor-element elementor-element-363f8ad elementor-widget elementor-widget-heading\" data-id=\"363f8ad\" data-element_type=\"widget\" data-e-type=\"widget\" data-widget_type=\"heading.default\">\n\t\t\t\t<div class=\"elementor-widget-container\">\n\t\t\t\t\t<h4 class=\"elementor-heading-title elementor-size-default\">Mountain biking<\/h4>\t\t\t\t<\/div>\n\t\t\t\t<\/div>\n\t\t\t\t\t<\/div>\n\t\t<\/div>\n\t\t\t\t<div class=\"elementor-column elementor-col-20 elementor-top-column elementor-element elementor-element-d5bd871\" data-id=\"d5bd871\" data-element_type=\"column\" data-e-type=\"column\">\n\t\t\t<div class=\"elementor-widget-wrap elementor-element-populated\">\n\t\t\t\t\t\t<div class=\"elementor-element elementor-element-66e08bb elementor-widget elementor-widget-image\" data-id=\"66e08bb\" data-element_type=\"widget\" data-e-type=\"widget\" data-widget_type=\"image.default\">\n\t\t\t\t<div class=\"elementor-widget-container\">\n\t\t\t\t\t\t\t\t\t\t\t\t\t\t\t<img decoding=\"async\" src=\"https:\/\/naturaglamping.com\/website\/wp-content\/uploads\/elementor\/thumbs\/DSC_0155-e1572868346383-q990r5xsn0hlrf32yfm2w2frjmx7905809qjac8o4g-q9lbrdtfmzmuropmqqlp4s0gtemdoaq42s6yhuakgg.jpg\" title=\"DSC_0155-e1572868346383-q990r5xsn0hlrf32yfm2w2frjmx7905809qjac8o4g\" alt=\"DSC_0155-e1572868346383-q990r5xsn0hlrf32yfm2w2frjmx7905809qjac8o4g\" loading=\"lazy\" \/>\t\t\t\t\t\t\t\t\t\t\t\t\t\t\t<\/div>\n\t\t\t\t<\/div>\n\t\t\t\t<div class=\"elementor-element elementor-element-1197f14 elementor-widget elementor-widget-heading\" data-id=\"1197f14\" data-element_type=\"widget\" data-e-type=\"widget\" data-widget_type=\"heading.default\">\n\t\t\t\t<div class=\"elementor-widget-container\">\n\t\t\t\t\t<h4 class=\"elementor-heading-title elementor-size-default\">Hot air ballooning<\/h4>\t\t\t\t<\/div>\n\t\t\t\t<\/div>\n\t\t\t\t\t<\/div>\n\t\t<\/div>\n\t\t\t\t<div class=\"elementor-column elementor-col-20 elementor-top-column elementor-element elementor-element-88f8755\" data-id=\"88f8755\" data-element_type=\"column\" data-e-type=\"column\">\n\t\t\t<div class=\"elementor-widget-wrap elementor-element-populated\">\n\t\t\t\t\t\t<div class=\"elementor-element elementor-element-0314937 elementor-widget elementor-widget-image\" data-id=\"0314937\" data-element_type=\"widget\" data-e-type=\"widget\" data-widget_type=\"image.default\">\n\t\t\t\t<div class=\"elementor-widget-container\">\n\t\t\t\t\t\t\t\t\t\t\t\t\t\t\t<img decoding=\"async\" src=\"https:\/\/naturaglamping.com\/website\/wp-content\/uploads\/elementor\/thumbs\/51535117_396301901125314_707687877395349504_n-Copia-e1572868105157-q990r5xsn0hlrf32yfm2w2frjmx7905809qjac8o4g-q9lbs7w9pos137hxv3lrckf7tqi4im1iux2hup1yxc.jpg\" title=\"51535117_396301901125314_707687877395349504_n-C\u00f3pia-e1572868105157-q990r5xsn0hlrf32yfm2w2frjmx7905809qjac8o4g\" alt=\"51535117_396301901125314_707687877395349504_n-C\u00f3pia-e1572868105157-q990r5xsn0hlrf32yfm2w2frjmx7905809qjac8o4g\" loading=\"lazy\" \/>\t\t\t\t\t\t\t\t\t\t\t\t\t\t\t<\/div>\n\t\t\t\t<\/div>\n\t\t\t\t<div class=\"elementor-element elementor-element-712b2bf elementor-widget elementor-widget-heading\" data-id=\"712b2bf\" data-element_type=\"widget\" data-e-type=\"widget\" data-widget_type=\"heading.default\">\n\t\t\t\t<div class=\"elementor-widget-container\">\n\t\t\t\t\t<h4 class=\"elementor-heading-title elementor-size-default\">Photography tours<\/h4>\t\t\t\t<\/div>\n\t\t\t\t<\/div>\n\t\t\t\t\t<\/div>\n\t\t<\/div>\n\t\t\t\t\t<\/div>\n\t\t<\/section>\n\t\t\t\t<section class=\"elementor-section elementor-top-section elementor-element elementor-element-3d04dd0 elementor-section-boxed elementor-section-height-default elementor-section-height-default\" data-id=\"3d04dd0\" data-element_type=\"section\" data-e-type=\"section\">\n\t\t\t\t\t\t<div class=\"elementor-container elementor-column-gap-default\">\n\t\t\t\t\t<div class=\"elementor-column elementor-col-100 elementor-top-column elementor-element elementor-element-06b0047\" data-id=\"06b0047\" data-element_type=\"column\" data-e-type=\"column\">\n\t\t\t<div class=\"elementor-widget-wrap elementor-element-populated\">\n\t\t\t\t\t\t<div class=\"elementor-element elementor-element-ef69217 elementor-widget elementor-widget-heading\" data-id=\"ef69217\" data-element_type=\"widget\" data-e-type=\"widget\" data-widget_type=\"heading.default\">\n\t\t\t\t<div class=\"elementor-widget-container\">\n\t\t\t\t\t<h2 class=\"elementor-heading-title elementor-size-default\">Contact us.\nChoose your program here.<\/h2>\t\t\t\t<\/div>\n\t\t\t\t<\/div>\n\t\t\t\t\t<\/div>\n\t\t<\/div>\n\t\t\t\t\t<\/div>\n\t\t<\/section>\n\t\t\t\t<section class=\"elementor-section elementor-top-section elementor-element elementor-element-56c8579 elementor-section-boxed elementor-section-height-default elementor-section-height-default\" data-id=\"56c8579\" data-element_type=\"section\" data-e-type=\"section\">\n\t\t\t\t\t\t<div class=\"elementor-container elementor-column-gap-default\">\n\t\t\t\t\t<div class=\"elementor-column elementor-col-100 elementor-top-column elementor-element elementor-element-55e92c3\" data-id=\"55e92c3\" data-element_type=\"column\" data-e-type=\"column\">\n\t\t\t<div class=\"elementor-widget-wrap elementor-element-populated\">\n\t\t\t\t\t\t<div class=\"elementor-element elementor-element-bb01be1 elementor-align-center elementor-widget elementor-widget-button\" data-id=\"bb01be1\" data-element_type=\"widget\" data-e-type=\"widget\" data-widget_type=\"button.default\">\n\t\t\t\t<div class=\"elementor-widget-container\">\n\t\t\t\t\t\t\t\t\t<div class=\"elementor-button-wrapper\">\n\t\t\t\t\t<a class=\"elementor-button elementor-button-link elementor-size-sm\" href=\"https:\/\/naturaglamping.com\/website\/en\/contactos\/\">\n\t\t\t\t\t\t<span class=\"elementor-button-content-wrapper\">\n\t\t\t\t\t\t\t\t\t<span class=\"elementor-button-text\">Learn more<\/span>\n\t\t\t\t\t<\/span>\n\t\t\t\t\t<\/a>\n\t\t\t\t<\/div>\n\t\t\t\t\t\t\t\t<\/div>\n\t\t\t\t<\/div>\n\t\t\t\t\t<\/div>\n\t\t<\/div>\n\t\t\t\t\t<\/div>\n\t\t<\/section>\n\t\t\t\t<\/div>","protected":false},"excerpt":{"rendered":"<p>Natura Glamping \u2212 Turismo de Natureza com Glamour No empreendimento s\u00e3o realizadas actividades e eventos variados. Solicite a programa\u00e7\u00e3o. YOGA \u2013 Individual\/grupo (com professora formada pela Confedera\u00e7\u00e3o Portuguesa do Yoga) Massagem relaxamento, (por marca\u00e7\u00e3o) CRIAN\u00c7AS \u2013 Espa\u00e7o Infantil Espa\u00e7o de jogos e leitura Dispomos ainda de um servi\u00e7o de reserva do Espa\u00e7o multiusos, onde poder\u00e1 [&hellip;]<\/p>\n","protected":false},"author":3,"featured_media":0,"parent":0,"menu_order":0,"comment_status":"closed","ping_status":"closed","template":"elementor_header_footer","meta":{"footnotes":""},"class_list":["post-12487","page","type-page","status-publish","hentry"],"_links":{"self":[{"href":"https:\/\/naturaglamping.com\/website\/en\/wp-json\/wp\/v2\/pages\/12487","targetHints":{"allow":["GET"]}}],"collection":[{"href":"https:\/\/naturaglamping.com\/website\/en\/wp-json\/wp\/v2\/pages"}],"about":[{"href":"https:\/\/naturaglamping.com\/website\/en\/wp-json\/wp\/v2\/types\/page"}],"author":[{"embeddable":true,"href":"https:\/\/naturaglamping.com\/website\/en\/wp-json\/wp\/v2\/users\/3"}],"replies":[{"embeddable":true,"href":"https:\/\/naturaglamping.com\/website\/en\/wp-json\/wp\/v2\/comments?post=12487"}],"version-history":[{"count":13,"href":"https:\/\/naturaglamping.com\/website\/en\/wp-json\/wp\/v2\/pages\/12487\/revisions"}],"predecessor-version":[{"id":12506,"href":"https:\/\/naturaglamping.com\/website\/en\/wp-json\/wp\/v2\/pages\/12487\/revisions\/12506"}],"wp:attachment":[{"href":"https:\/\/naturaglamping.com\/website\/en\/wp-json\/wp\/v2\/media?parent=12487"}],"curies":[{"name":"wp","href":"https:\/\/api.w.org\/{rel}","templated":true}]}}