{"id":12468,"date":"2023-07-13T09:01:05","date_gmt":"2023-07-13T09:01:05","guid":{"rendered":"https:\/\/naturaglamping.com\/website\/?page_id=12468"},"modified":"2023-07-13T09:16:54","modified_gmt":"2023-07-13T09:16:54","slug":"sobre-nos","status":"publish","type":"page","link":"https:\/\/naturaglamping.com\/website\/en\/sobre-nos\/","title":{"rendered":"About us"},"content":{"rendered":"<div data-elementor-type=\"wp-page\" data-elementor-id=\"12468\" class=\"elementor elementor-12468\">\n\t\t\t\t\t\t<section class=\"elementor-section elementor-top-section elementor-element elementor-element-bac1a59 elementor-section-boxed elementor-section-height-default elementor-section-height-default\" data-id=\"bac1a59\" data-element_type=\"section\" data-e-type=\"section\">\n\t\t\t\t\t\t<div class=\"elementor-container elementor-column-gap-default\">\n\t\t\t\t\t<div class=\"elementor-column elementor-col-100 elementor-top-column elementor-element elementor-element-d3223f3\" data-id=\"d3223f3\" data-element_type=\"column\" data-e-type=\"column\">\n\t\t\t<div class=\"elementor-widget-wrap elementor-element-populated\">\n\t\t\t\t\t\t<div class=\"elementor-element elementor-element-0c7fe7c elementor-widget elementor-widget-heading\" data-id=\"0c7fe7c\" data-element_type=\"widget\" data-e-type=\"widget\" data-widget_type=\"heading.default\">\n\t\t\t\t<div class=\"elementor-widget-container\">\n\t\t\t\t\t<h2 class=\"elementor-heading-title elementor-size-default\">Natura Glamping \u2212 Turismo de Natureza with <i>Glamour<\/i><\/h2>\t\t\t\t<\/div>\n\t\t\t\t<\/div>\n\t\t\t\t<section class=\"elementor-section elementor-inner-section elementor-element elementor-element-82789c7 elementor-section-boxed elementor-section-height-default elementor-section-height-default\" data-id=\"82789c7\" data-element_type=\"section\" data-e-type=\"section\">\n\t\t\t\t\t\t<div class=\"elementor-container elementor-column-gap-default\">\n\t\t\t\t\t<div class=\"elementor-column elementor-col-50 elementor-inner-column elementor-element elementor-element-2bcc7be\" data-id=\"2bcc7be\" data-element_type=\"column\" data-e-type=\"column\">\n\t\t\t<div class=\"elementor-widget-wrap elementor-element-populated\">\n\t\t\t\t\t\t<div class=\"elementor-element elementor-element-5b7c9e9 elementor-widget elementor-widget-image\" data-id=\"5b7c9e9\" data-element_type=\"widget\" data-e-type=\"widget\" data-widget_type=\"image.default\">\n\t\t\t\t<div class=\"elementor-widget-container\">\n\t\t\t\t\t\t\t\t\t\t\t\t\t\t\t<img fetchpriority=\"high\" decoding=\"async\" width=\"720\" height=\"480\" src=\"https:\/\/naturaglamping.com\/website\/wp-content\/uploads\/2023\/07\/FB_IMG_1491417622069.jpg\" class=\"attachment-large size-large wp-image-12472\" alt=\"Sobre n\u00f3s\" data-responsive-images=\"false\" \/>\t\t\t\t\t\t\t\t\t\t\t\t\t\t\t<\/div>\n\t\t\t\t<\/div>\n\t\t\t\t\t<\/div>\n\t\t<\/div>\n\t\t\t\t<div class=\"elementor-column elementor-col-50 elementor-inner-column elementor-element elementor-element-ce3585c\" data-id=\"ce3585c\" data-element_type=\"column\" data-e-type=\"column\">\n\t\t\t<div class=\"elementor-widget-wrap elementor-element-populated\">\n\t\t\t\t\t\t<div class=\"elementor-element elementor-element-48b2edf elementor-widget elementor-widget-text-editor\" data-id=\"48b2edf\" data-element_type=\"widget\" data-e-type=\"widget\" data-widget_type=\"text-editor.default\">\n\t\t\t\t<div class=\"elementor-widget-container\">\n\t\t\t\t\t\t\t\t\t<p style=\"font-family: 'Noto Sans', sans-serif; text-align: justify; color: #221f1f;\">Natura Glamping aims to satisfy discerning guests, who seek authentic destinations and the comfort of a sophisticated space. Here, you can fully experience and connect with nature, with mutual respect and direct contact with biodiversity.<\/p><p style=\"font-family: 'Noto Sans', sans-serif; text-align: justify; color: #221f1f;\">Beyond accommodation, you can enjoy unique experiences in gastronomy, history, traditions, and regional heritage that we promote.<\/p><p style=\"font-family: 'Noto Sans', sans-serif; text-align: justify; color: #221f1f;\">We are in a privileged location in the Serra da Gardunha at 925 meters above sea level, with a breathtaking view over both Cova da Beira and Serra da Estrela, fully integrated with the surrounding environment and community, offering high-quality Turismo da Natureza, just as you deserve!<\/p><p style=\"font-family: 'Noto Sans', sans-serif; color: #221f1f; text-align: center;\">Welcome!<\/p>\t\t\t\t\t\t\t\t<\/div>\n\t\t\t\t<\/div>\n\t\t\t\t\t<\/div>\n\t\t<\/div>\n\t\t\t\t\t<\/div>\n\t\t<\/section>\n\t\t\t\t<section class=\"elementor-section elementor-inner-section elementor-element elementor-element-7d681ea elementor-section-boxed elementor-section-height-default elementor-section-height-default\" data-id=\"7d681ea\" data-element_type=\"section\" data-e-type=\"section\">\n\t\t\t\t\t\t<div class=\"elementor-container elementor-column-gap-default\">\n\t\t\t\t\t<div class=\"elementor-column elementor-col-20 elementor-inner-column elementor-element elementor-element-0540e03\" data-id=\"0540e03\" data-element_type=\"column\" data-e-type=\"column\">\n\t\t\t<div class=\"elementor-widget-wrap elementor-element-populated\">\n\t\t\t\t\t\t<div class=\"elementor-element elementor-element-c3d6d16 elementor-view-default elementor-position-block-start elementor-mobile-position-block-start elementor-widget elementor-widget-icon-box\" data-id=\"c3d6d16\" data-element_type=\"widget\" data-e-type=\"widget\" data-widget_type=\"icon-box.default\">\n\t\t\t\t<div class=\"elementor-widget-container\">\n\t\t\t\t\t\t\t<div class=\"elementor-icon-box-wrapper\">\n\n\t\t\t\t\t\t<div class=\"elementor-icon-box-icon\">\n\t\t\t\t<span  class=\"elementor-icon\">\n\t\t\t\t<i aria-hidden=\"true\" class=\"fas fa-bed\"><\/i>\t\t\t\t<\/span>\n\t\t\t<\/div>\n\t\t\t\n\t\t\t\t\t\t<div class=\"elementor-icon-box-content\">\n\n\t\t\t\t\n\t\t\t\t\t\t\t\t\t<p class=\"elementor-icon-box-description\">\n\t\t\t\t\t\t7 Domes + Guard\u2019s House\t\t\t\t\t<\/p>\n\t\t\t\t\n\t\t\t<\/div>\n\t\t\t\n\t\t<\/div>\n\t\t\t\t\t\t<\/div>\n\t\t\t\t<\/div>\n\t\t\t\t\t<\/div>\n\t\t<\/div>\n\t\t\t\t<div class=\"elementor-column elementor-col-20 elementor-inner-column elementor-element elementor-element-9107cc3\" data-id=\"9107cc3\" data-element_type=\"column\" data-e-type=\"column\">\n\t\t\t<div class=\"elementor-widget-wrap elementor-element-populated\">\n\t\t\t\t\t\t<div class=\"elementor-element elementor-element-520eb13 elementor-view-default elementor-position-block-start elementor-mobile-position-block-start elementor-widget elementor-widget-icon-box\" data-id=\"520eb13\" data-element_type=\"widget\" data-e-type=\"widget\" data-widget_type=\"icon-box.default\">\n\t\t\t\t<div class=\"elementor-widget-container\">\n\t\t\t\t\t\t\t<div class=\"elementor-icon-box-wrapper\">\n\n\t\t\t\t\t\t<div class=\"elementor-icon-box-icon\">\n\t\t\t\t<span  class=\"elementor-icon\">\n\t\t\t\t<i aria-hidden=\"true\" class=\"fas fa-wifi\"><\/i>\t\t\t\t<\/span>\n\t\t\t<\/div>\n\t\t\t\n\t\t\t\t\t\t<div class=\"elementor-icon-box-content\">\n\n\t\t\t\t\n\t\t\t\t\t\t\t\t\t<p class=\"elementor-icon-box-description\">\n\t\t\t\t\t\tFree Wi-Fi\t\t\t\t\t<\/p>\n\t\t\t\t\n\t\t\t<\/div>\n\t\t\t\n\t\t<\/div>\n\t\t\t\t\t\t<\/div>\n\t\t\t\t<\/div>\n\t\t\t\t\t<\/div>\n\t\t<\/div>\n\t\t\t\t<div class=\"elementor-column elementor-col-20 elementor-inner-column elementor-element elementor-element-6ecbb0e\" data-id=\"6ecbb0e\" data-element_type=\"column\" data-e-type=\"column\">\n\t\t\t<div class=\"elementor-widget-wrap elementor-element-populated\">\n\t\t\t\t\t\t<div class=\"elementor-element elementor-element-0ec3f49 elementor-view-default elementor-position-block-start elementor-mobile-position-block-start elementor-widget elementor-widget-icon-box\" data-id=\"0ec3f49\" data-element_type=\"widget\" data-e-type=\"widget\" data-widget_type=\"icon-box.default\">\n\t\t\t\t<div class=\"elementor-widget-container\">\n\t\t\t\t\t\t\t<div class=\"elementor-icon-box-wrapper\">\n\n\t\t\t\t\t\t<div class=\"elementor-icon-box-icon\">\n\t\t\t\t<span  class=\"elementor-icon\">\n\t\t\t\t<i aria-hidden=\"true\" class=\"fas fa-car-alt\"><\/i>\t\t\t\t<\/span>\n\t\t\t<\/div>\n\t\t\t\n\t\t\t\t\t\t<div class=\"elementor-icon-box-content\">\n\n\t\t\t\t\n\t\t\t\t\t\t\t\t\t<p class=\"elementor-icon-box-description\">\n\t\t\t\t\t\tFree Parking\t\t\t\t\t<\/p>\n\t\t\t\t\n\t\t\t<\/div>\n\t\t\t\n\t\t<\/div>\n\t\t\t\t\t\t<\/div>\n\t\t\t\t<\/div>\n\t\t\t\t\t<\/div>\n\t\t<\/div>\n\t\t\t\t<div class=\"elementor-column elementor-col-20 elementor-inner-column elementor-element elementor-element-210b25b\" data-id=\"210b25b\" data-element_type=\"column\" data-e-type=\"column\">\n\t\t\t<div class=\"elementor-widget-wrap elementor-element-populated\">\n\t\t\t\t\t\t<div class=\"elementor-element elementor-element-e8889a5 elementor-view-default elementor-position-block-start elementor-mobile-position-block-start elementor-widget elementor-widget-icon-box\" data-id=\"e8889a5\" data-element_type=\"widget\" data-e-type=\"widget\" data-widget_type=\"icon-box.default\">\n\t\t\t\t<div class=\"elementor-widget-container\">\n\t\t\t\t\t\t\t<div class=\"elementor-icon-box-wrapper\">\n\n\t\t\t\t\t\t<div class=\"elementor-icon-box-icon\">\n\t\t\t\t<span  class=\"elementor-icon\">\n\t\t\t\t<i aria-hidden=\"true\" class=\"fas fa-binoculars\"><\/i>\t\t\t\t<\/span>\n\t\t\t<\/div>\n\t\t\t\n\t\t\t\t\t\t<div class=\"elementor-icon-box-content\">\n\n\t\t\t\t\n\t\t\t\t\t\t\t\t\t<p class=\"elementor-icon-box-description\">\n\t\t\t\t\t\tBreathtaking View \t\t\t\t\t<\/p>\n\t\t\t\t\n\t\t\t<\/div>\n\t\t\t\n\t\t<\/div>\n\t\t\t\t\t\t<\/div>\n\t\t\t\t<\/div>\n\t\t\t\t\t<\/div>\n\t\t<\/div>\n\t\t\t\t<div class=\"elementor-column elementor-col-20 elementor-inner-column elementor-element elementor-element-f2f6647\" data-id=\"f2f6647\" data-element_type=\"column\" data-e-type=\"column\">\n\t\t\t<div class=\"elementor-widget-wrap elementor-element-populated\">\n\t\t\t\t\t\t<div class=\"elementor-element elementor-element-f98a440 elementor-view-default elementor-position-block-start elementor-mobile-position-block-start elementor-widget elementor-widget-icon-box\" data-id=\"f98a440\" data-element_type=\"widget\" data-e-type=\"widget\" data-widget_type=\"icon-box.default\">\n\t\t\t\t<div class=\"elementor-widget-container\">\n\t\t\t\t\t\t\t<div class=\"elementor-icon-box-wrapper\">\n\n\t\t\t\t\t\t<div class=\"elementor-icon-box-icon\">\n\t\t\t\t<span  class=\"elementor-icon\">\n\t\t\t\t<i aria-hidden=\"true\" class=\"fas fa-bicycle\"><\/i>\t\t\t\t<\/span>\n\t\t\t<\/div>\n\t\t\t\n\t\t\t\t\t\t<div class=\"elementor-icon-box-content\">\n\n\t\t\t\t\n\t\t\t\t\t\t\t\t\t<p class=\"elementor-icon-box-description\">\n\t\t\t\t\t\tActivities\t\t\t\t\t<\/p>\n\t\t\t\t\n\t\t\t<\/div>\n\t\t\t\n\t\t<\/div>\n\t\t\t\t\t\t<\/div>\n\t\t\t\t<\/div>\n\t\t\t\t\t<\/div>\n\t\t<\/div>\n\t\t\t\t\t<\/div>\n\t\t<\/section>\n\t\t\t\t<section class=\"elementor-section elementor-inner-section elementor-element elementor-element-191cc0b elementor-section-boxed elementor-section-height-default elementor-section-height-default\" data-id=\"191cc0b\" data-element_type=\"section\" data-e-type=\"section\">\n\t\t\t\t\t\t<div class=\"elementor-container elementor-column-gap-default\">\n\t\t\t\t\t<div class=\"elementor-column elementor-col-50 elementor-inner-column elementor-element elementor-element-802d03e\" data-id=\"802d03e\" data-element_type=\"column\" data-e-type=\"column\">\n\t\t\t<div class=\"elementor-widget-wrap elementor-element-populated\">\n\t\t\t\t\t\t<div class=\"elementor-element elementor-element-6da3fcb elementor-widget elementor-widget-heading\" data-id=\"6da3fcb\" data-element_type=\"widget\" data-e-type=\"widget\" data-widget_type=\"heading.default\">\n\t\t\t\t<div class=\"elementor-widget-container\">\n\t\t\t\t\t<h2 class=\"elementor-heading-title elementor-size-default\">Guest Information<\/h2>\t\t\t\t<\/div>\n\t\t\t\t<\/div>\n\t\t\t\t<div class=\"elementor-element elementor-element-a096080 elementor-widget elementor-widget-text-editor\" data-id=\"a096080\" data-element_type=\"widget\" data-e-type=\"widget\" data-widget_type=\"text-editor.default\">\n\t\t\t\t<div class=\"elementor-widget-container\">\n\t\t\t\t\t\t\t\t\t<ul><li>Uncovered parking with video surveillance, private and free of charge;<\/li><li>Free wireless internet on the property;<\/li><li>Smoking inside the accommodation is strictly prohibited;<\/li><li>Small to medium-sized dogs may be allowed, but must be mentioned at the time of booking and incur an additional fee \u2013 applicable in the Domo Suite Lux and Domo Suite J\u00fanior;<\/li><li>Reservation confirmation requires payment of the specified amount, and proof of payment must be provided through the contact details given;<\/li><li>The available payment methods are Multibanco, Visa, MB Way, and cash;<\/li><li>Children and beds: for ages 0\u20132, a free crib is available upon request. Children aged 3\u20136 can sleep in the main bed free of charge, if accompanied. For ages above 3, an extra bed can be requested;<\/li><li>Bar and meal services available on-site;<\/li><li>Various activities available (please inquire for more information);<\/li><li>Saltwater infinity pool, exclusive for guests;<\/li><li>Outdoor Jacuzzi available for booking, seasonal, with 48-hour notice;<\/li><\/ul>\t\t\t\t\t\t\t\t<\/div>\n\t\t\t\t<\/div>\n\t\t\t\t\t<\/div>\n\t\t<\/div>\n\t\t\t\t<div class=\"elementor-column elementor-col-50 elementor-inner-column elementor-element elementor-element-2f2ced9\" data-id=\"2f2ced9\" data-element_type=\"column\" data-e-type=\"column\">\n\t\t\t<div class=\"elementor-widget-wrap elementor-element-populated\">\n\t\t\t\t\t\t<div class=\"elementor-element elementor-element-03ca5df elementor-widget elementor-widget-heading\" data-id=\"03ca5df\" data-element_type=\"widget\" data-e-type=\"widget\" data-widget_type=\"heading.default\">\n\t\t\t\t<div class=\"elementor-widget-container\">\n\t\t\t\t\t<h2 class=\"elementor-heading-title elementor-size-default\">Hours<\/h2>\t\t\t\t<\/div>\n\t\t\t\t<\/div>\n\t\t\t\t<div class=\"elementor-element elementor-element-eebfcd1 elementor-widget elementor-widget-text-editor\" data-id=\"eebfcd1\" data-element_type=\"widget\" data-e-type=\"widget\" data-widget_type=\"text-editor.default\">\n\t\t\t\t<div class=\"elementor-widget-container\">\n\t\t\t\t\t\t\t\t\t<p><strong>Check-in:<\/strong> from 3:00 PM<\/p><p><strong>Check-out<\/strong>: until 11:30 AM (<strong>Late Check-out <\/strong>20\u20ac per hour)<\/p><p><strong style=\"background-color: transparent; font-size: 1rem;\">Shop<\/strong><span style=\"background-color: transparent; font-size: 1rem;\">: 9:00 AM\u20131:00 PM; 3:00 PM\u20137:00 PM (24-hour surveillance)<\/span><\/p><p><span style=\"font-weight: 600;\">Breakfast:\u00a0<\/span>8:30 AM \u2013 10:00 AM<\/p><p><strong>Lunch: <\/strong>1:00 PM \u2013 2:30 PM (with advance booking until 11:30 AM)<\/p><p><strong>Dinner: <\/strong>8:00 PM \u2013 10:00 PM (with advance booking until 7:00 PM)<\/p><p><strong>Bar<\/strong>: 3:00 PM \u2013 7:00 PM and 9:30 PM \u2013 12:00 AM<\/p><p><strong>Pool:<em>\u00a0<\/em><\/strong>9:00 AM \u2013 8:00 PM (seasonal)<\/p><h3 style=\"color: #8d7335; margin-top: 0px; margin-bottom: 0px; padding: 0px; text-align: justify;\" data-elementor-setting-key=\"title\" data-pen-placeholder=\"Digite aqui...\">Cancellations<\/h3><ul><li style=\"list-style-type: none;\"><ul><li>Free with 14 days\u2019 notice or more;<\/li><\/ul><\/li><\/ul><ul><li style=\"list-style-type: none;\"><ul><li>Rescheduling allowed up to 14 days before the booked date;<\/li><li>Upon rescheduling, free cancellation becomes unavailable.<\/li><\/ul><\/li><\/ul>\t\t\t\t\t\t\t\t<\/div>\n\t\t\t\t<\/div>\n\t\t\t\t\t<\/div>\n\t\t<\/div>\n\t\t\t\t\t<\/div>\n\t\t<\/section>\n\t\t\t\t\t<\/div>\n\t\t<\/div>\n\t\t\t\t\t<\/div>\n\t\t<\/section>\n\t\t\t\t<\/div>","protected":false},"excerpt":{"rendered":"<p>Natura Glamping \u2212 Turismo de Natureza com Glamour O Natura Glamping\u00a0 pretende responder a um cliente exigente, que procura autenticidade dos destinos e o conforto de um espa\u00e7o sofisticado. Aqui pode contemplar e vivenciar a Natureza em pleno, num respeito m\u00fatuo e em contacto directo com a Biodiversidade. Al\u00e9m da experi\u00eancia do alojamento poder\u00e1 levar [&hellip;]<\/p>\n","protected":false},"author":3,"featured_media":0,"parent":0,"menu_order":0,"comment_status":"closed","ping_status":"closed","template":"elementor_header_footer","meta":{"footnotes":""},"class_list":["post-12468","page","type-page","status-publish","hentry"],"_links":{"self":[{"href":"https:\/\/naturaglamping.com\/website\/en\/wp-json\/wp\/v2\/pages\/12468","targetHints":{"allow":["GET"]}}],"collection":[{"href":"https:\/\/naturaglamping.com\/website\/en\/wp-json\/wp\/v2\/pages"}],"about":[{"href":"https:\/\/naturaglamping.com\/website\/en\/wp-json\/wp\/v2\/types\/page"}],"author":[{"embeddable":true,"href":"https:\/\/naturaglamping.com\/website\/en\/wp-json\/wp\/v2\/users\/3"}],"replies":[{"embeddable":true,"href":"https:\/\/naturaglamping.com\/website\/en\/wp-json\/wp\/v2\/comments?post=12468"}],"version-history":[{"count":7,"href":"https:\/\/naturaglamping.com\/website\/en\/wp-json\/wp\/v2\/pages\/12468\/revisions"}],"predecessor-version":[{"id":12478,"href":"https:\/\/naturaglamping.com\/website\/en\/wp-json\/wp\/v2\/pages\/12468\/revisions\/12478"}],"wp:attachment":[{"href":"https:\/\/naturaglamping.com\/website\/en\/wp-json\/wp\/v2\/media?parent=12468"}],"curies":[{"name":"wp","href":"https:\/\/api.w.org\/{rel}","templated":true}]}}