{"id":12256,"date":"2023-07-12T07:15:26","date_gmt":"2023-07-12T07:15:26","guid":{"rendered":"https:\/\/naturaglamping.com\/website\/?page_id=12256"},"modified":"2023-07-12T07:17:04","modified_gmt":"2023-07-12T07:17:04","slug":"termos-e-condicoes","status":"publish","type":"page","link":"https:\/\/naturaglamping.com\/website\/en\/termos-e-condicoes\/","title":{"rendered":"Terms and Conditions"},"content":{"rendered":"<div data-elementor-type=\"wp-page\" data-elementor-id=\"12256\" class=\"elementor elementor-12256\">\n\t\t\t\t\t\t<section class=\"elementor-section elementor-top-section elementor-element elementor-element-6bb6ee5 elementor-section-height-min-height elementor-section-boxed elementor-section-height-default elementor-section-items-middle\" data-id=\"6bb6ee5\" data-element_type=\"section\" data-e-type=\"section\" data-settings=\"{&quot;background_background&quot;:&quot;classic&quot;}\">\n\t\t\t\t\t\t<div class=\"elementor-container elementor-column-gap-no\">\n\t\t\t\t\t<div class=\"elementor-column elementor-col-50 elementor-top-column elementor-element elementor-element-dfbd5ba\" data-id=\"dfbd5ba\" data-element_type=\"column\" data-e-type=\"column\">\n\t\t\t<div class=\"elementor-widget-wrap elementor-element-populated\">\n\t\t\t\t\t\t<section class=\"elementor-section elementor-inner-section elementor-element elementor-element-e797697 elementor-section-boxed elementor-section-height-default elementor-section-height-default\" data-id=\"e797697\" data-element_type=\"section\" data-e-type=\"section\">\n\t\t\t\t\t\t<div class=\"elementor-container elementor-column-gap-default\">\n\t\t\t\t\t<div class=\"elementor-column elementor-col-100 elementor-inner-column elementor-element elementor-element-0ccc2b3\" data-id=\"0ccc2b3\" data-element_type=\"column\" data-e-type=\"column\" data-settings=\"{&quot;background_background&quot;:&quot;classic&quot;}\">\n\t\t\t<div class=\"elementor-widget-wrap elementor-element-populated\">\n\t\t\t\t\t\t<div class=\"elementor-element elementor-element-a2d44fa elementor-widget elementor-widget-text-editor\" data-id=\"a2d44fa\" data-element_type=\"widget\" data-e-type=\"widget\" data-widget_type=\"text-editor.default\">\n\t\t\t\t<div class=\"elementor-widget-container\">\n\t\t\t\t\t\t\t\t\t<h3><span style=\"color: #a18752;\"><strong>Accommodations:<\/strong><\/span><\/h3><h4><span style=\"color: #a18752;\">Domes:<\/span><\/h4><ul><li>Maximum capacity: 4 adults and 1 child up to 6 years old sleeping in the main bed;<\/li><li>Availability of 1 free crib, subject to availability;<\/li><li>Includes breakfast;<\/li><li>We care for the environment. Cleaning is carried out on the 4th day or whenever requested by the guest.<\/li><\/ul><h3><span style=\"color: #a18752;\"><strong>Hours<\/strong><\/span><\/h3><ul><li><em>Check-in<\/em> \u2013 3:00 PM to 11:00 PM;<\/li><li><em>Check-out<\/em> \u2013 11:30 AM ( <em>Late Check-out<\/em>\u00a020\u20ac per hour)<\/li><li>Breakfast \u2013 8:30 AM \u2013 10:00 AM;<\/li><li>Shop \u2013 9:00 AM\u20131:00 PM; 3:00 PM\u20137:00 PM (24-hour surveillance);<\/li><li>Lunch \u2013 1:00 PM \u2013 2:30 PM (<em>with advance booking and\u00a0<\/em><i>booking until 11:30 AM<\/i>);<\/li><li>Dinner \u2013 8:00 PM \u2013 10:00 PM (<em>with advance booking<\/em>);<\/li><li>Bar: 3:00 PM \u2013 7:00 PM and 9:30 PM \u2013 12:00 AM;<\/li><li>Pool<strong>: <\/strong>9:00 AM \u2013 8:00 PM (seasonal).<\/li><\/ul><h3><span style=\"color: #a18752;\"><strong>Payment Methods:<\/strong><\/span><\/h3><ul><li>Cash (\u20ac);<\/li><li>Multibanco;<\/li><li>Visa<\/li><\/ul><ul><li>The property reserves the right to pre-authorize the credit card as a guarantee for the reservation, for damages or extras, requiring a deposit of \u20ac40, refundable upon c<em>heck-out<\/em>;<\/li><li>The property reserves the right not to accept checks as a form of payment;<\/li><li>Full payment for the reservation will be made at the time the booking is made;<\/li><li>All personal data will be encrypted and processed securely;<\/li><li>Your personal data will only be used to process your reservation and for future Natura Glamping \u2013 Guest communications.<\/li><\/ul><h3><span style=\"color: #a18752;\"><strong>Reservation Guarantees:<\/strong><\/span><\/h3><ul><li>Requires payment of the specified amount, with proof provided to the contact details given;<\/li><li>Failure to pay the reservation amount on time may result in its cancellation without prior notice.<\/li><\/ul><h3><span style=\"color: #a18752;\"><strong>Cancellation Policy:<\/strong><\/span><\/h3><ul><li>Free with 14 days\u2019 notice or more;<\/li><li>From the 7th to the 14th day (exclusive), 50% of the total reservation amount will be refunded;\u00a0<\/li><li>Within the 7 days prior or on the day of the reservation, no refund will be given.<\/li><li>Rescheduling must be done at least 14 days before the reservation date;<\/li><li>Upon rescheduling, free cancellation becomes unavailable.<\/li><\/ul><h3><span style=\"color: #a18752;\"><strong>Smoking:<\/strong><strong>:<\/strong><\/span><\/h3><ul><li>Smoking is strictly prohibited inside the property;<\/li><li>Failure to comply with this rule may result in management requesting that you leave the property without any refund;<\/li><li>Cigarette butts must be carefully extinguished when smoking outdoors and disposed of in the appropriate containers.<\/li><\/ul><h3><span style=\"color: #a18752;\"><strong>Parking:<\/strong><\/span><\/h3><p>Uncovered parking with video surveillance, private and free of charge.<\/p>\t\t\t\t\t\t\t\t<\/div>\n\t\t\t\t<\/div>\n\t\t\t\t\t<\/div>\n\t\t<\/div>\n\t\t\t\t\t<\/div>\n\t\t<\/section>\n\t\t\t\t\t<\/div>\n\t\t<\/div>\n\t\t\t\t<div class=\"elementor-column elementor-col-50 elementor-top-column elementor-element elementor-element-8ac6cce\" data-id=\"8ac6cce\" data-element_type=\"column\" data-e-type=\"column\">\n\t\t\t<div class=\"elementor-widget-wrap\">\n\t\t\t\t\t\t\t<\/div>\n\t\t<\/div>\n\t\t\t\t\t<\/div>\n\t\t<\/section>\n\t\t\t\t<\/div>","protected":false},"excerpt":{"rendered":"<p>Alojamentos: Domos: Capacidade m\u00e1xima 4 adultos e 1 crian\u00e7a at\u00e9 aos 6 anos a dormir na cama principal; Possibilidade mediante disponibilidade no fornecimento de 1 ber\u00e7o gratuito; Inclu\u00eddo pequeno-almo\u00e7o; Poupamos o ambiente. A limpeza \u00e9 efectuada no 4\u00ba dia ou sempre que solicitada pelo cliente. Hor\u00e1rios: Check-in \u2013 15:00h \u00e0s 23:00h; Check-out \u2013 11:30h \u00a0( [&hellip;]<\/p>\n","protected":false},"author":3,"featured_media":0,"parent":0,"menu_order":0,"comment_status":"closed","ping_status":"closed","template":"elementor_header_footer","meta":{"footnotes":""},"class_list":["post-12256","page","type-page","status-publish","hentry"],"_links":{"self":[{"href":"https:\/\/naturaglamping.com\/website\/en\/wp-json\/wp\/v2\/pages\/12256","targetHints":{"allow":["GET"]}}],"collection":[{"href":"https:\/\/naturaglamping.com\/website\/en\/wp-json\/wp\/v2\/pages"}],"about":[{"href":"https:\/\/naturaglamping.com\/website\/en\/wp-json\/wp\/v2\/types\/page"}],"author":[{"embeddable":true,"href":"https:\/\/naturaglamping.com\/website\/en\/wp-json\/wp\/v2\/users\/3"}],"replies":[{"embeddable":true,"href":"https:\/\/naturaglamping.com\/website\/en\/wp-json\/wp\/v2\/comments?post=12256"}],"version-history":[{"count":4,"href":"https:\/\/naturaglamping.com\/website\/en\/wp-json\/wp\/v2\/pages\/12256\/revisions"}],"predecessor-version":[{"id":12260,"href":"https:\/\/naturaglamping.com\/website\/en\/wp-json\/wp\/v2\/pages\/12256\/revisions\/12260"}],"wp:attachment":[{"href":"https:\/\/naturaglamping.com\/website\/en\/wp-json\/wp\/v2\/media?parent=12256"}],"curies":[{"name":"wp","href":"https:\/\/api.w.org\/{rel}","templated":true}]}}