{"id":12248,"date":"2023-07-12T07:09:16","date_gmt":"2023-07-12T07:09:16","guid":{"rendered":"https:\/\/naturaglamping.com\/website\/?page_id=12248"},"modified":"2023-07-12T07:14:39","modified_gmt":"2023-07-12T07:14:39","slug":"politica-de-privacidade","status":"publish","type":"page","link":"https:\/\/naturaglamping.com\/website\/en\/politica-de-privacidade\/","title":{"rendered":"Privacy Policy"},"content":{"rendered":"<div data-elementor-type=\"wp-page\" data-elementor-id=\"12248\" class=\"elementor elementor-12248\">\n\t\t\t\t\t\t<section class=\"elementor-section elementor-top-section elementor-element elementor-element-6bb6ee5 elementor-section-height-min-height elementor-section-boxed elementor-section-height-default elementor-section-items-middle\" data-id=\"6bb6ee5\" data-element_type=\"section\" data-e-type=\"section\" data-settings=\"{&quot;background_background&quot;:&quot;classic&quot;}\">\n\t\t\t\t\t\t<div class=\"elementor-container elementor-column-gap-no\">\n\t\t\t\t\t<div class=\"elementor-column elementor-col-50 elementor-top-column elementor-element elementor-element-dfbd5ba\" data-id=\"dfbd5ba\" data-element_type=\"column\" data-e-type=\"column\">\n\t\t\t<div class=\"elementor-widget-wrap elementor-element-populated\">\n\t\t\t\t\t\t<section class=\"elementor-section elementor-inner-section elementor-element elementor-element-e797697 elementor-section-boxed elementor-section-height-default elementor-section-height-default\" data-id=\"e797697\" data-element_type=\"section\" data-e-type=\"section\">\n\t\t\t\t\t\t<div class=\"elementor-container elementor-column-gap-default\">\n\t\t\t\t\t<div class=\"elementor-column elementor-col-100 elementor-inner-column elementor-element elementor-element-0ccc2b3\" data-id=\"0ccc2b3\" data-element_type=\"column\" data-e-type=\"column\" data-settings=\"{&quot;background_background&quot;:&quot;classic&quot;}\">\n\t\t\t<div class=\"elementor-widget-wrap elementor-element-populated\">\n\t\t\t\t\t\t<div class=\"elementor-element elementor-element-a2d44fa elementor-widget elementor-widget-text-editor\" data-id=\"a2d44fa\" data-element_type=\"widget\" data-e-type=\"widget\" data-widget_type=\"text-editor.default\">\n\t\t\t\t<div class=\"elementor-widget-container\">\n\t\t\t\t\t\t\t\t\t<h3><span style=\"color: #a18752;\">Privacy Policy for <a style=\"color: #a18752;\" href=\"https:\/\/naturaglamping.com\/website\/en\/clone_1\/\">Naturaglamping.com<\/a><\/span><\/h3><p><span style=\"color: #333333;\">All of your personal information collected will be used to help make your visit to our website as productive and enjoyable as possible.<\/span><\/p><p><span style=\"color: #333333;\">The confidentiality of personal data of users of our website is important to Naturaglamping.com.<\/span><\/p><p><span style=\"color: #333333;\">All personal information relating to members, subscribers, guests, or visitors using Naturaglamping.com will be handled in accordance with the Personal Data Protection Law of October 26, 1998 (Law No. 67\/98).<\/span><\/p><p><span style=\"color: #333333;\">The personal information collected may include your name, email, phone and\/or mobile number, address, date of birth, and\/or other details.<\/span><\/p><p><span style=\"color: #333333;\">Use of Naturaglamping.com implies acceptance of this Privacy Agreement. The Naturaglamping.com team reserves the right to modify this agreement without prior notice. Therefore, we recommend that you review our privacy policy regularly to stay up to date.<\/span><\/p><h3><span style=\"color: #a18752;\">Advertisements<\/span><\/h3><p>Like other websites, we collect and use information contained in advertisements. This information includes your IP address (Internet Protocol), your ISP (Internet Service Provider, such as Sapo, Clix, or others), the browser you used to visit our website (such as Internet Explorer or Firefox), the duration of your visit, and the pages you viewed on our website.<\/p><h3><span style=\"color: #a18752;\">Cookies and Web Beacons<\/span><\/h3><p>We use cookies to store information, such as your personal preferences when visiting our website. This may include a simple popup or a connection to various services we provide, such as forums.<\/p><p>In addition, we also use third-party advertising on our website to support maintenance costs. Some of these advertisers may use technologies such as cookies and\/or web beacons when advertising on our website, which means that these advertisers (such as Google through Google AdSense) may also receive your personal information, such as your IP address, ISP, browser, etc. This is generally used for geotargeting (e.g., showing ads for Lisbon only to readers from Lisbon) or for presenting targeted advertising to a specific type of user (e.g., showing restaurant ads to a user who regularly visits culinary websites).<\/p><p>You have the ability to disable cookies in your browser settings or by making changes in antivirus programs, such as Norton Internet Security. However, this may affect how you interact with our website or other websites and could prevent you from logging into programs, sites, or forums on our network or others.<\/p><h3><span style=\"color: #a18752;\">Links to Third-Party Websites<\/span><\/h3><p>Naturaglamping.com contains links to other websites that, in our view, may provide useful information or tools for our visitors. Our privacy policy does not apply to third-party websites, so if you visit any other website, you should read that site\u2019s privacy policy.<\/p><p>We are not responsible for the privacy policy or content of those websites.<\/p>\t\t\t\t\t\t\t\t<\/div>\n\t\t\t\t<\/div>\n\t\t\t\t\t<\/div>\n\t\t<\/div>\n\t\t\t\t\t<\/div>\n\t\t<\/section>\n\t\t\t\t\t<\/div>\n\t\t<\/div>\n\t\t\t\t<div class=\"elementor-column elementor-col-50 elementor-top-column elementor-element elementor-element-8ac6cce\" data-id=\"8ac6cce\" data-element_type=\"column\" data-e-type=\"column\">\n\t\t\t<div class=\"elementor-widget-wrap\">\n\t\t\t\t\t\t\t<\/div>\n\t\t<\/div>\n\t\t\t\t\t<\/div>\n\t\t<\/section>\n\t\t\t\t<\/div>","protected":false},"excerpt":{"rendered":"<p>Pol\u00edtica de privacidade para Naturaglamping.com Todas as suas informa\u00e7\u00f5es pessoais recolhidas, ser\u00e3o usadas para o ajudar a tornar a sua visita no nosso site o mais produtiva e agrad\u00e1vel poss\u00edvel. A garantia da confidencialidade dos dados pessoais dos utilizadores do nosso site \u00e9 importante para o Naturaglamping.com. Todas as informa\u00e7\u00f5es pessoais relativas a membros, assinantes, [&hellip;]<\/p>\n","protected":false},"author":3,"featured_media":0,"parent":0,"menu_order":0,"comment_status":"closed","ping_status":"closed","template":"elementor_header_footer","meta":{"footnotes":""},"class_list":["post-12248","page","type-page","status-publish","hentry"],"_links":{"self":[{"href":"https:\/\/naturaglamping.com\/website\/en\/wp-json\/wp\/v2\/pages\/12248","targetHints":{"allow":["GET"]}}],"collection":[{"href":"https:\/\/naturaglamping.com\/website\/en\/wp-json\/wp\/v2\/pages"}],"about":[{"href":"https:\/\/naturaglamping.com\/website\/en\/wp-json\/wp\/v2\/types\/page"}],"author":[{"embeddable":true,"href":"https:\/\/naturaglamping.com\/website\/en\/wp-json\/wp\/v2\/users\/3"}],"replies":[{"embeddable":true,"href":"https:\/\/naturaglamping.com\/website\/en\/wp-json\/wp\/v2\/comments?post=12248"}],"version-history":[{"count":7,"href":"https:\/\/naturaglamping.com\/website\/en\/wp-json\/wp\/v2\/pages\/12248\/revisions"}],"predecessor-version":[{"id":12255,"href":"https:\/\/naturaglamping.com\/website\/en\/wp-json\/wp\/v2\/pages\/12248\/revisions\/12255"}],"wp:attachment":[{"href":"https:\/\/naturaglamping.com\/website\/en\/wp-json\/wp\/v2\/media?parent=12248"}],"curies":[{"name":"wp","href":"https:\/\/api.w.org\/{rel}","templated":true}]}}