{"id":431,"date":"2018-06-12T11:47:52","date_gmt":"2018-06-12T11:47:52","guid":{"rendered":"https:\/\/themes.getmotopress.com\/alpenhouse\/?page_id=431"},"modified":"2022-05-12T08:40:07","modified_gmt":"2022-05-12T08:40:07","slug":"termos-condicoes","status":"publish","type":"page","link":"https:\/\/naturaglamping.com\/clone_1\/termos-condicoes\/","title":{"rendered":"Termos &#038; Condi\u00e7\u00f5es"},"content":{"rendered":"\t\t<div data-elementor-type=\"wp-post\" data-elementor-id=\"431\" class=\"elementor elementor-431\">\n\t\t\t\t\t\t<div class=\"elementor-inner\">\n\t\t\t\t<div class=\"elementor-section-wrap\">\n\t\t\t\t\t\t\t\t\t<section class=\"elementor-section elementor-top-section elementor-element elementor-element-31c2b8f2 elementor-section-boxed elementor-section-height-default elementor-section-height-default\" data-id=\"31c2b8f2\" data-element_type=\"section\">\n\t\t\t\t\t\t<div class=\"elementor-container elementor-column-gap-default\">\n\t\t\t\t\t\t\t<div class=\"elementor-row\">\n\t\t\t\t\t<div class=\"elementor-column elementor-col-100 elementor-top-column elementor-element elementor-element-65571d9e\" data-id=\"65571d9e\" data-element_type=\"column\">\n\t\t\t<div class=\"elementor-column-wrap elementor-element-populated\">\n\t\t\t\t\t\t\t<div class=\"elementor-widget-wrap\">\n\t\t\t\t\t\t<div class=\"elementor-element elementor-element-5a1a900 elementor-widget elementor-widget-text-editor\" data-id=\"5a1a900\" data-element_type=\"widget\" data-widget_type=\"text-editor.default\">\n\t\t\t\t<div class=\"elementor-widget-container\">\n\t\t\t\t\t\t\t\t<div class=\"elementor-text-editor elementor-clearfix\">\n\t\t\t\t<h3><span style=\"color: #a18752;\"><strong>Alojamentos:<\/strong><\/span><\/h3>\n<h4><span style=\"color: #a18752;\">Domos:<\/span><\/h4>\n<ul>\n<li>Capacidade m\u00e1xima 4 adultos e 1 crian\u00e7a at\u00e9 aos 6 anos a dormir na cama principal;<\/li>\n<li>Possibilidade mediante disponibilidade no fornecimento de 1 ber\u00e7o gratuito;<\/li>\n<li>Inclu\u00eddo pequeno-almo\u00e7o;<\/li>\n<li>Poupamos o ambiente. A limpeza \u00e9 efectuada no 4\u00ba dia ou sempre que solicitada pelo cliente.<\/li>\n<\/ul>\n<h3><span style=\"color: #a18752;\"><strong>Hor\u00e1rios:<\/strong><\/span><\/h3>\n<ul>\n<li><em>Check-in<\/em> \u2013 15:00h \u00e0s 23:00h;<\/li>\n<li><em>Check-out<\/em> \u2013 11:30h &nbsp;( <em>Lake Check-out<\/em>&nbsp;20\u20ac \/ Hora);<\/li>\n<li>Pequeno Almo\u00e7o \u2013 8:30h \u2013 10:00h;<\/li>\n<li>Loja \u2013 9:00h-13:00h; 15:00h-19:00h (vigil\u00e2ncia 24 horas);<\/li>\n<li>Almo\u00e7o &#8211; 13:00h \u2013 14:30h (<em>com reserva antecipada e&nbsp;<\/em><i>reserva at\u00e9 \u00e0s 11h30<\/i>);<\/li>\n<li>Jantar \u2013 20:00h \u2013 22.00h (<em>com reserva antecipada<\/em>);<\/li>\n<li>Bar: 15:00h \u2013 19:00h e das 21:30 \u2013 0:00h;<\/li>\n<li>Piscina<strong>: <\/strong>9:00h \u2013 20:00h (sazonal).<\/li>\n<\/ul>\n<h3><span style=\"color: #a18752;\"><strong>Formas de Pagamento:<\/strong><\/span><\/h3>\n<ul>\n<li>Numer\u00e1rio (\u20ac);<\/li>\n<li>Multibanco;<\/li>\n<li>Visa<\/li>\n<\/ul>\n<ul>\n<li>O empreendimento reserva-se o direito de pr\u00e9-autorizar o cart\u00e3o de cr\u00e9dito como garantia de reserva, em danos ou extras, sendo exigido para o seu efeito um valor de cau\u00e7\u00e3o de 40\u20ac, devolvido no c<em>heck-out<\/em>;<\/li>\n<li>O empreendimento reserva-se o direito de n\u00e3o aceitar cheques como modo de pagamento;<\/li>\n<li>o pagamento total da reserva ser\u00e1 efetuado na altura em que esta \u00e9 efetuada;<\/li>\n<li>Todos os dados pessoais ser\u00e3o encriptados e processados de forma segura;<\/li>\n<li>Os seus dados pessoais ser\u00e3o usados apenas para processar a sua reserva e futuras comunica\u00e7\u00f5es Natura Glamping &#8211; Cliente;<\/li>\n<\/ul>\n<h3><span style=\"color: #a18752;\"><strong>Garantias de Reserva:<\/strong><\/span><\/h3>\n<ul>\n<li>Implica o pagamento do valor indicado para o efeito, devendo ser feita prova do mesmo para os contactos facultados;<\/li>\n<li>A eventual n\u00e3o cobran\u00e7a atempada do valor de reserva, poder\u00e1 implicar anula\u00e7\u00e3o da mesma, sem aviso pr\u00e9vio.<\/li>\n<\/ul>\n<h3><span style=\"color: #a18752;\"><strong>Politica de cancelamento:<\/strong><\/span><\/h3>\n<ul>\n<li>Gratuito com mais ou 14 dias de anteced\u00eancia ou mais;<\/li>\n<li>Do 7\u00ba dia ao 14\u00ba dia exclusive, devolu\u00e7\u00e3o de 50% do valor total da reserva;&nbsp;<\/li>\n<li>Nos 7 dias anteriores ou no pr\u00f3prio dia, n\u00e3o haver\u00e1 lugar a qualquer reembolso.<\/li>\n<li>Reagendamentos devem ser feitos at\u00e9 14 dias anteriores \u00e0 data da reserva;<\/li>\n<li>Ao ser feito reagendamento, o cancelamento gratuito fica indispon\u00edvel.<\/li>\n<\/ul>\n<h3><span style=\"color: #a18752;\"><strong>Fumar<\/strong><strong>:<\/strong><\/span><\/h3>\n<ul>\n<li>Expressamente proibido fumar no interior do empreendimento;<\/li>\n<li>O desrespeito por esta norma, pode levar a ger\u00eancia a pedir que abandonem o empreendimento sem qualquer devolu\u00e7\u00e3o de valores;<\/li>\n<li>As piriscas devem ser cuidadosamente apagadas quando fumar no exterior e depositadas nos recipientes adequados.<\/li>\n<\/ul>\n<h3><span style=\"color: #a18752;\"><strong>Estacionamento:<\/strong><\/span><\/h3>\n<p>Estacionamento em local descoberto com video-vigil\u00e2ncia, privado e gratuito.<\/p>\t\t\t\t\t<\/div>\n\t\t\t\t\t\t<\/div>\n\t\t\t\t<\/div>\n\t\t\t\t\t\t<\/div>\n\t\t\t\t\t<\/div>\n\t\t<\/div>\n\t\t\t\t\t\t\t\t<\/div>\n\t\t\t\t\t<\/div>\n\t\t<\/section>\n\t\t\t\t\t\t\t\t\t<\/div>\n\t\t\t<\/div>\n\t\t\t\t\t<\/div>\n\t\t","protected":false},"excerpt":{"rendered":"<p>Alojamentos: Domos: Capacidade m\u00e1xima 4 adultos e 1 crian\u00e7a at\u00e9 aos 6 anos a dormir na cama principal; Possibilidade mediante disponibilidade no fornecimento de 1 ber\u00e7o gratuito; Inclu\u00eddo pequeno-almo\u00e7o; Poupamos o ambiente. A limpeza \u00e9 efectuada no 4\u00ba dia ou sempre que solicitada pelo cliente. Hor\u00e1rios: Check-in \u2013 15:00h \u00e0s 23:00h; Check-out \u2013 11:30h &nbsp;( [&hellip;]<\/p>\n","protected":false},"author":6,"featured_media":0,"parent":0,"menu_order":0,"comment_status":"closed","ping_status":"closed","template":"template-boxed.php","meta":[],"_links":{"self":[{"href":"https:\/\/naturaglamping.com\/clone_1\/wp-json\/wp\/v2\/pages\/431"}],"collection":[{"href":"https:\/\/naturaglamping.com\/clone_1\/wp-json\/wp\/v2\/pages"}],"about":[{"href":"https:\/\/naturaglamping.com\/clone_1\/wp-json\/wp\/v2\/types\/page"}],"author":[{"embeddable":true,"href":"https:\/\/naturaglamping.com\/clone_1\/wp-json\/wp\/v2\/users\/6"}],"replies":[{"embeddable":true,"href":"https:\/\/naturaglamping.com\/clone_1\/wp-json\/wp\/v2\/comments?post=431"}],"version-history":[{"count":17,"href":"https:\/\/naturaglamping.com\/clone_1\/wp-json\/wp\/v2\/pages\/431\/revisions"}],"predecessor-version":[{"id":3124,"href":"https:\/\/naturaglamping.com\/clone_1\/wp-json\/wp\/v2\/pages\/431\/revisions\/3124"}],"wp:attachment":[{"href":"https:\/\/naturaglamping.com\/clone_1\/wp-json\/wp\/v2\/media?parent=431"}],"curies":[{"name":"wp","href":"https:\/\/api.w.org\/{rel}","templated":true}]}}