{"id":1982,"date":"2019-08-29T17:52:14","date_gmt":"2019-08-29T17:52:14","guid":{"rendered":"https:\/\/new.naturaglamping.com\/?page_id=1982"},"modified":"2019-11-22T03:02:03","modified_gmt":"2019-11-22T03:02:03","slug":"espacos","status":"publish","type":"page","link":"https:\/\/naturaglamping.com\/clone_1\/espacos\/","title":{"rendered":"Espa\u00e7os Comuns"},"content":{"rendered":"\t\t<div data-elementor-type=\"wp-post\" data-elementor-id=\"1982\" class=\"elementor elementor-1982\">\n\t\t\t\t\t\t<div class=\"elementor-inner\">\n\t\t\t\t<div class=\"elementor-section-wrap\">\n\t\t\t\t\t\t\t\t\t<section class=\"elementor-section elementor-top-section elementor-element elementor-element-1288876 elementor-section-full_width elementor-section-height-default elementor-section-height-default\" data-id=\"1288876\" data-element_type=\"section\">\n\t\t\t\t\t\t<div class=\"elementor-container elementor-column-gap-default\">\n\t\t\t\t\t\t\t<div class=\"elementor-row\">\n\t\t\t\t\t<div class=\"elementor-column elementor-col-50 elementor-top-column elementor-element elementor-element-58ad081\" data-id=\"58ad081\" data-element_type=\"column\" data-settings=\"{&quot;background_background&quot;:&quot;classic&quot;}\">\n\t\t\t<div class=\"elementor-column-wrap elementor-element-populated\">\n\t\t\t\t\t\t\t<div class=\"elementor-widget-wrap\">\n\t\t\t\t\t\t<div class=\"elementor-element elementor-element-c5bdd1d animated-fast hotel-tmpl-titles elementor-invisible elementor-widget elementor-widget-heading\" data-id=\"c5bdd1d\" data-element_type=\"widget\" data-settings=\"{&quot;_animation&quot;:&quot;fadeInDown&quot;}\" data-widget_type=\"heading.default\">\n\t\t\t\t<div class=\"elementor-widget-container\">\n\t\t\t<h1 class=\"elementor-heading-title elementor-size-default\">Zona de Refei\u00e7\u00f5es<\/h1>\t\t<\/div>\n\t\t\t\t<\/div>\n\t\t\t\t<div class=\"elementor-element elementor-element-3eef294 elementor-widget-divider--view-line elementor-widget elementor-widget-divider\" data-id=\"3eef294\" data-element_type=\"widget\" data-widget_type=\"divider.default\">\n\t\t\t\t<div class=\"elementor-widget-container\">\n\t\t\t\t\t<div class=\"elementor-divider\">\n\t\t\t<span class=\"elementor-divider-separator\">\n\t\t\t\t\t\t<\/span>\n\t\t<\/div>\n\t\t\t\t<\/div>\n\t\t\t\t<\/div>\n\t\t\t\t<div class=\"elementor-element elementor-element-226681b elementor-widget elementor-widget-text-editor\" data-id=\"226681b\" data-element_type=\"widget\" data-widget_type=\"text-editor.default\">\n\t\t\t\t<div class=\"elementor-widget-container\">\n\t\t\t\t\t\t\t\t<div class=\"elementor-text-editor elementor-clearfix\">\n\t\t\t\tSituado no edif\u00edcio da rece\u00e7\u00e3o, no piso superior, com vista panor\u00e2mica para a Serra da Estrela, Monsanto e para o vale da Cova da Beira. Neste espa\u00e7o ter\u00e1 a oportunidade de degustar um pequeno-almo\u00e7o\u00a0<em>buffet<\/em>, pratos, petiscos e bebidas variadas.\n\nA nossa oferta alimentar assenta numa solu\u00e7\u00e3o diversificada, procurando disponibilizar atrav\u00e9s de produtores locais, os melhores alimentos (preferencialmente biol\u00f3gicos) respeitando as suas sazonalidades.\n\nTemos ao seu dispor refei\u00e7\u00f5es ligeiras (almo\u00e7o\/jantar sob reserva), lanches e petiscos que poder\u00e1 degustar na sala de refei\u00e7\u00f5es, bar ou esplanada.\n\nCaso pretenda uma refei\u00e7\u00e3o baseada em cozinha de autor, poder\u00e1 visitar o nosso restaurante <a style=\"color:#AF1D34;\" href=\"http:\/\/www.alkimya.pt\/\">ALKIMYA<\/a>.\t\t\t\t\t<\/div>\n\t\t\t\t\t\t<\/div>\n\t\t\t\t<\/div>\n\t\t\t\t\t\t<\/div>\n\t\t\t\t\t<\/div>\n\t\t<\/div>\n\t\t\t\t<div class=\"elementor-column elementor-col-50 elementor-top-column elementor-element elementor-element-e7695c0\" data-id=\"e7695c0\" data-element_type=\"column\" data-settings=\"{&quot;background_background&quot;:&quot;classic&quot;}\">\n\t\t\t<div class=\"elementor-column-wrap elementor-element-populated\">\n\t\t\t\t\t\t\t<div class=\"elementor-widget-wrap\">\n\t\t\t\t\t\t<div class=\"elementor-element elementor-element-f42943b elementor-widget elementor-widget-spacer\" data-id=\"f42943b\" data-element_type=\"widget\" data-widget_type=\"spacer.default\">\n\t\t\t\t<div class=\"elementor-widget-container\">\n\t\t\t\t\t<div class=\"elementor-spacer\">\n\t\t\t<div class=\"elementor-spacer-inner\"><\/div>\n\t\t<\/div>\n\t\t\t\t<\/div>\n\t\t\t\t<\/div>\n\t\t\t\t<div class=\"elementor-element elementor-element-f342980 elementor-pagination-position-outside elementor-widget elementor-widget-image-carousel\" data-id=\"f342980\" data-element_type=\"widget\" data-settings=\"{&quot;slides_to_show&quot;:&quot;1&quot;,&quot;navigation&quot;:&quot;dots&quot;,&quot;autoplay&quot;:&quot;yes&quot;,&quot;pause_on_hover&quot;:&quot;yes&quot;,&quot;pause_on_interaction&quot;:&quot;yes&quot;,&quot;autoplay_speed&quot;:5000,&quot;infinite&quot;:&quot;yes&quot;,&quot;effect&quot;:&quot;slide&quot;,&quot;speed&quot;:500}\" data-widget_type=\"image-carousel.default\">\n\t\t\t\t<div class=\"elementor-widget-container\">\n\t\t\t\t\t<div class=\"elementor-image-carousel-wrapper swiper-container\" dir=\"ltr\">\n\t\t\t<div class=\"elementor-image-carousel swiper-wrapper\">\n\t\t\t\t\t\t\t\t<div class=\"swiper-slide\"><figure class=\"swiper-slide-inner\"><img class=\"swiper-slide-image\" src=\"https:\/\/naturaglamping.com\/clone_1\/wp-content\/uploads\/elementor\/thumbs\/DSCF1046-HDR-e1572869185573-q990r5xul6izloe72z40mf94l8532e4h9ka9vuk9pc.jpg\" alt=\"interior do bar\" \/><\/figure><\/div><div class=\"swiper-slide\"><figure class=\"swiper-slide-inner\"><img class=\"swiper-slide-image\" src=\"https:\/\/naturaglamping.com\/clone_1\/wp-content\/uploads\/elementor\/thumbs\/IMG_20190214_221453_456-e1572869150143-q990r6vos0k9xactxhin6x0l6m0ga387loxrd4ivj4.jpg\" alt=\"decoracao interior\" \/><\/figure><\/div><div class=\"swiper-slide\"><figure class=\"swiper-slide-inner\"><img class=\"swiper-slide-image\" src=\"https:\/\/naturaglamping.com\/clone_1\/wp-content\/uploads\/elementor\/thumbs\/IMG_20190219_011216-e1572869114152-q990r6vos0k9xactxhin6x0l6m0ga387loxrd4ivj4.jpg\" alt=\"pequeno almoco\" \/><\/figure><\/div><div class=\"swiper-slide\"><figure class=\"swiper-slide-inner\"><img class=\"swiper-slide-image\" src=\"https:\/\/naturaglamping.com\/clone_1\/wp-content\/uploads\/elementor\/thumbs\/IMG-20190210-WA0007-q990r4267igeyggxdyarhfq7egecmzx0lazaxan21s.jpg\" alt=\"IMG-20190210-WA0007\" \/><\/figure><\/div><div class=\"swiper-slide\"><figure class=\"swiper-slide-inner\"><img class=\"swiper-slide-image\" src=\"https:\/\/naturaglamping.com\/clone_1\/wp-content\/uploads\/elementor\/thumbs\/IMG-20190210-WA0006-q990r4267igeyggxdyarhfq7egecmzx0lazaxan21s.jpg\" alt=\"IMG-20190210-WA0006\" \/><\/figure><\/div><div class=\"swiper-slide\"><figure class=\"swiper-slide-inner\"><img class=\"swiper-slide-image\" src=\"https:\/\/naturaglamping.com\/clone_1\/wp-content\/uploads\/elementor\/thumbs\/IMG-20190210-WA0005-q990r4267igeyggxdyarhfq7egecmzx0lazaxan21s.jpg\" alt=\"IMG-20190210-WA0005\" \/><\/figure><\/div><div class=\"swiper-slide\"><figure class=\"swiper-slide-inner\"><img class=\"swiper-slide-image\" src=\"https:\/\/naturaglamping.com\/clone_1\/wp-content\/uploads\/elementor\/thumbs\/IMG-20190210-WA0004-q990r4267igeyggxdyarhfq7egecmzx0lazaxan21s.jpg\" alt=\"IMG-20190210-WA0004\" \/><\/figure><\/div><div class=\"swiper-slide\"><figure class=\"swiper-slide-inner\"><img class=\"swiper-slide-image\" src=\"https:\/\/naturaglamping.com\/clone_1\/wp-content\/uploads\/elementor\/thumbs\/IMG-20190210-WA0003-q990r4267igeyggxdyarhfq7egecmzx0lazaxan21s.jpg\" alt=\"IMG-20190210-WA0003\" \/><\/figure><\/div><div class=\"swiper-slide\"><figure class=\"swiper-slide-inner\"><img class=\"swiper-slide-image\" src=\"https:\/\/naturaglamping.com\/clone_1\/wp-content\/uploads\/elementor\/thumbs\/IMG-20190210-WA0002-q990r4267igeyggxdyarhfq7egecmzx0lazaxan21s.jpg\" alt=\"IMG-20190210-WA0002\" \/><\/figure><\/div>\t\t\t<\/div>\n\t\t\t\t\t\t\t\t\t\t\t\t<div class=\"swiper-pagination\"><\/div>\n\t\t\t\t\t\t\t\t\t\t\t\t\t<\/div>\n\t\t\t\t<\/div>\n\t\t\t\t<\/div>\n\t\t\t\t\t\t<\/div>\n\t\t\t\t\t<\/div>\n\t\t<\/div>\n\t\t\t\t\t\t\t\t<\/div>\n\t\t\t\t\t<\/div>\n\t\t<\/section>\n\t\t\t\t<section class=\"elementor-section elementor-top-section elementor-element elementor-element-0a1500c elementor-section-full_width elementor-section-height-default elementor-section-height-default\" data-id=\"0a1500c\" data-element_type=\"section\">\n\t\t\t\t\t\t<div class=\"elementor-container elementor-column-gap-default\">\n\t\t\t\t\t\t\t<div class=\"elementor-row\">\n\t\t\t\t\t<div class=\"elementor-column elementor-col-50 elementor-top-column elementor-element elementor-element-4e1e0c5\" data-id=\"4e1e0c5\" data-element_type=\"column\" data-settings=\"{&quot;background_background&quot;:&quot;classic&quot;}\">\n\t\t\t<div class=\"elementor-column-wrap elementor-element-populated\">\n\t\t\t\t\t\t\t<div class=\"elementor-widget-wrap\">\n\t\t\t\t\t\t<div class=\"elementor-element elementor-element-91b5b4e elementor-pagination-position-outside elementor-widget elementor-widget-image-carousel\" data-id=\"91b5b4e\" data-element_type=\"widget\" data-settings=\"{&quot;slides_to_show&quot;:&quot;1&quot;,&quot;navigation&quot;:&quot;dots&quot;,&quot;autoplay&quot;:&quot;yes&quot;,&quot;pause_on_hover&quot;:&quot;yes&quot;,&quot;pause_on_interaction&quot;:&quot;yes&quot;,&quot;autoplay_speed&quot;:5000,&quot;infinite&quot;:&quot;yes&quot;,&quot;effect&quot;:&quot;slide&quot;,&quot;speed&quot;:500}\" data-widget_type=\"image-carousel.default\">\n\t\t\t\t<div class=\"elementor-widget-container\">\n\t\t\t\t\t<div class=\"elementor-image-carousel-wrapper swiper-container\" dir=\"ltr\">\n\t\t\t<div class=\"elementor-image-carousel swiper-wrapper\">\n\t\t\t\t\t\t\t\t<div class=\"swiper-slide\"><figure class=\"swiper-slide-inner\"><img class=\"swiper-slide-image\" src=\"https:\/\/naturaglamping.com\/clone_1\/wp-content\/uploads\/elementor\/thumbs\/DSCF0962-q990r5xul6izloe72z40mf94l8532e4h9ka9vuk9pc.jpg\" alt=\"DSCF0962\" \/><\/figure><\/div><div class=\"swiper-slide\"><figure class=\"swiper-slide-inner\"><img class=\"swiper-slide-image\" src=\"https:\/\/naturaglamping.com\/clone_1\/wp-content\/uploads\/elementor\/thumbs\/DSCF1042-q990r5xul6izloe72z40mf94l8532e4h9ka9vuk9pc.jpg\" alt=\"DSCF1042\" \/><\/figure><\/div><div class=\"swiper-slide\"><figure class=\"swiper-slide-inner\"><img class=\"swiper-slide-image\" src=\"https:\/\/naturaglamping.com\/clone_1\/wp-content\/uploads\/elementor\/thumbs\/IMG_20181021_155550-q990r6vos0k9xactxhin6x0l6m0ga387loxrd4ivj4.jpg\" alt=\"dav\" \/><\/figure><\/div><div class=\"swiper-slide\"><figure class=\"swiper-slide-inner\"><img class=\"swiper-slide-image\" src=\"https:\/\/naturaglamping.com\/clone_1\/wp-content\/uploads\/elementor\/thumbs\/IMG_20190428_202345-q990r7tiyulk8wbgrzx9res1rzvthsbxxtl8uehhcw.jpg\" alt=\"vista da piscina para o horizonte\" \/><\/figure><\/div><div class=\"swiper-slide\"><figure class=\"swiper-slide-inner\"><img class=\"swiper-slide-image\" src=\"https:\/\/naturaglamping.com\/clone_1\/wp-content\/uploads\/elementor\/thumbs\/IMG_20190205_012605_192-q990r6vos0k9xactxhin6x0l6m0ga387loxrd4ivj4.jpg\" alt=\"IMG_20190205_012605_192\" \/><\/figure><\/div><div class=\"swiper-slide\"><figure class=\"swiper-slide-inner\"><img class=\"swiper-slide-image\" src=\"https:\/\/naturaglamping.com\/clone_1\/wp-content\/uploads\/elementor\/thumbs\/IMG_20190219_000211-q990r6vos0k9xactxhin6x0l6m0ga387loxrd4ivj4.jpg\" alt=\"IMG_20190219_000211\" \/><\/figure><\/div><div class=\"swiper-slide\"><figure class=\"swiper-slide-inner\"><img class=\"swiper-slide-image\" src=\"https:\/\/naturaglamping.com\/clone_1\/wp-content\/uploads\/elementor\/thumbs\/IMG_20190527_003631_980-q990r7tiyulk8wbgrzx9res1rzvthsbxxtl8uehhcw.jpg\" alt=\"IMG_20190527_003631_980\" \/><\/figure><\/div><div class=\"swiper-slide\"><figure class=\"swiper-slide-inner\"><img class=\"swiper-slide-image\" src=\"https:\/\/naturaglamping.com\/clone_1\/wp-content\/uploads\/elementor\/thumbs\/IMG-20181203-WA0001-q990r6vos0k9xactxhin6x0l6m0ga387loxrd4ivj4.jpg\" alt=\"IMG-20181203-WA0001\" \/><\/figure><\/div><div class=\"swiper-slide\"><figure class=\"swiper-slide-inner\"><img class=\"swiper-slide-image\" src=\"https:\/\/naturaglamping.com\/clone_1\/wp-content\/uploads\/elementor\/thumbs\/IMG-20190203-WA0033-q990r6vos0k9xactxhin6x0l6m0ga387loxrd4ivj4.jpg\" alt=\"IMG-20190203-WA0033\" \/><\/figure><\/div><div class=\"swiper-slide\"><figure class=\"swiper-slide-inner\"><img class=\"swiper-slide-image\" src=\"https:\/\/naturaglamping.com\/clone_1\/wp-content\/uploads\/elementor\/thumbs\/IMG-20190213-WA0010-q990r6vos0k9xactxhin6x0l6m0ga387loxrd4ivj4.jpg\" alt=\"IMG-20190213-WA0010\" \/><\/figure><\/div><div class=\"swiper-slide\"><figure class=\"swiper-slide-inner\"><img class=\"swiper-slide-image\" src=\"https:\/\/naturaglamping.com\/clone_1\/wp-content\/uploads\/elementor\/thumbs\/IMG-20190429-WA0003-e1572869439287-q990r6vos0k9xactxhin6x0l6m0ga387loxrd4ivj4.jpg\" alt=\"IMG-20190429-WA0003\" \/><\/figure><\/div><div class=\"swiper-slide\"><figure class=\"swiper-slide-inner\"><img class=\"swiper-slide-image\" src=\"https:\/\/naturaglamping.com\/clone_1\/wp-content\/uploads\/elementor\/thumbs\/IMG_20181204_115832-q990r0atg6b9o0mdzwo97god0wwvs7i38sdd06smqo.jpg\" alt=\"IMG_20181204_115832\" \/><\/figure><\/div><div class=\"swiper-slide\"><figure class=\"swiper-slide-inner\"><img class=\"swiper-slide-image\" src=\"https:\/\/naturaglamping.com\/clone_1\/wp-content\/uploads\/elementor\/thumbs\/IMG_20181024_181812-q990r0atg6b9o0mdzwo97god0wwvs7i38sdd06smqo.jpg\" alt=\"IMG_20181024_181812\" \/><\/figure><\/div><div class=\"swiper-slide\"><figure class=\"swiper-slide-inner\"><img class=\"swiper-slide-image\" src=\"https:\/\/naturaglamping.com\/clone_1\/wp-content\/uploads\/elementor\/thumbs\/IMG_20181021_155550-q990r0atg6b9o0mdzwo97god0wwvs7i38sdd06smqo.jpg\" alt=\"IMG_20181021_155550\" \/><\/figure><\/div><div class=\"swiper-slide\"><figure class=\"swiper-slide-inner\"><img class=\"swiper-slide-image\" src=\"https:\/\/naturaglamping.com\/clone_1\/wp-content\/uploads\/elementor\/thumbs\/20181203_133811-q990qwjgou64dkrulv1qxhmindfexf35w9rf32y7fk.jpg\" alt=\"20181203_133811\" \/><\/figure><\/div>\t\t\t<\/div>\n\t\t\t\t\t\t\t\t\t\t\t\t<div class=\"swiper-pagination\"><\/div>\n\t\t\t\t\t\t\t\t\t\t\t\t\t<\/div>\n\t\t\t\t<\/div>\n\t\t\t\t<\/div>\n\t\t\t\t\t\t<\/div>\n\t\t\t\t\t<\/div>\n\t\t<\/div>\n\t\t\t\t<div class=\"elementor-column elementor-col-50 elementor-top-column elementor-element elementor-element-58777ec\" data-id=\"58777ec\" data-element_type=\"column\" data-settings=\"{&quot;background_background&quot;:&quot;classic&quot;}\">\n\t\t\t<div class=\"elementor-column-wrap elementor-element-populated\">\n\t\t\t\t\t\t\t<div class=\"elementor-widget-wrap\">\n\t\t\t\t\t\t<div class=\"elementor-element elementor-element-73a0030 animated-fast hotel-tmpl-titles elementor-invisible elementor-widget elementor-widget-heading\" data-id=\"73a0030\" data-element_type=\"widget\" data-settings=\"{&quot;_animation&quot;:&quot;fadeInDown&quot;}\" data-widget_type=\"heading.default\">\n\t\t\t\t<div class=\"elementor-widget-container\">\n\t\t\t<h1 class=\"elementor-heading-title elementor-size-default\">Piscina<\/h1>\t\t<\/div>\n\t\t\t\t<\/div>\n\t\t\t\t<div class=\"elementor-element elementor-element-f752b7b elementor-widget-divider--view-line elementor-widget elementor-widget-divider\" data-id=\"f752b7b\" data-element_type=\"widget\" data-widget_type=\"divider.default\">\n\t\t\t\t<div class=\"elementor-widget-container\">\n\t\t\t\t\t<div class=\"elementor-divider\">\n\t\t\t<span class=\"elementor-divider-separator\">\n\t\t\t\t\t\t<\/span>\n\t\t<\/div>\n\t\t\t\t<\/div>\n\t\t\t\t<\/div>\n\t\t\t\t<div class=\"elementor-element elementor-element-bab7527 elementor-widget elementor-widget-text-editor\" data-id=\"bab7527\" data-element_type=\"widget\" data-widget_type=\"text-editor.default\">\n\t\t\t\t<div class=\"elementor-widget-container\">\n\t\t\t\t\t\t\t\t<div class=\"elementor-text-editor elementor-clearfix\">\n\t\t\t\t<p>Venha refrescar-se numa fant\u00e1stica piscina infinita de \u00e1gua salgada, com vistas fabulosas para a Cova da Beira e da Serra da Estrela.<\/p><p>\u00a0<\/p><p>\u00a0<\/p><p>\u00a0<\/p>\t\t\t\t\t<\/div>\n\t\t\t\t\t\t<\/div>\n\t\t\t\t<\/div>\n\t\t\t\t<div class=\"elementor-element elementor-element-8564920 elementor-widget elementor-widget-text-editor\" data-id=\"8564920\" data-element_type=\"widget\" data-widget_type=\"text-editor.default\">\n\t\t\t\t<div class=\"elementor-widget-container\">\n\t\t\t\t\t\t\t\t<div class=\"elementor-text-editor elementor-clearfix\">\n\t\t\t\t\t\t\t\t\t<\/div>\n\t\t\t\t\t\t<\/div>\n\t\t\t\t<\/div>\n\t\t\t\t\t\t<\/div>\n\t\t\t\t\t<\/div>\n\t\t<\/div>\n\t\t\t\t\t\t\t\t<\/div>\n\t\t\t\t\t<\/div>\n\t\t<\/section>\n\t\t\t\t<section class=\"elementor-section elementor-top-section elementor-element elementor-element-1e46d01 elementor-section-full_width elementor-section-height-default elementor-section-height-default\" data-id=\"1e46d01\" data-element_type=\"section\">\n\t\t\t\t\t\t<div class=\"elementor-container elementor-column-gap-default\">\n\t\t\t\t\t\t\t<div class=\"elementor-row\">\n\t\t\t\t\t<div class=\"elementor-column elementor-col-50 elementor-top-column elementor-element elementor-element-fc58614\" data-id=\"fc58614\" data-element_type=\"column\" data-settings=\"{&quot;background_background&quot;:&quot;classic&quot;}\">\n\t\t\t<div class=\"elementor-column-wrap elementor-element-populated\">\n\t\t\t\t\t\t\t<div class=\"elementor-widget-wrap\">\n\t\t\t\t\t\t<div class=\"elementor-element elementor-element-886d60c animated-fast hotel-tmpl-titles elementor-invisible elementor-widget elementor-widget-heading\" data-id=\"886d60c\" data-element_type=\"widget\" data-settings=\"{&quot;_animation&quot;:&quot;fadeInDown&quot;}\" data-widget_type=\"heading.default\">\n\t\t\t\t<div class=\"elementor-widget-container\">\n\t\t\t<h1 class=\"elementor-heading-title elementor-size-default\">Rece\u00e7\u00e3o & Loja<\/h1>\t\t<\/div>\n\t\t\t\t<\/div>\n\t\t\t\t<div class=\"elementor-element elementor-element-0a8854f elementor-widget-divider--view-line elementor-widget elementor-widget-divider\" data-id=\"0a8854f\" data-element_type=\"widget\" data-widget_type=\"divider.default\">\n\t\t\t\t<div class=\"elementor-widget-container\">\n\t\t\t\t\t<div class=\"elementor-divider\">\n\t\t\t<span class=\"elementor-divider-separator\">\n\t\t\t\t\t\t<\/span>\n\t\t<\/div>\n\t\t\t\t<\/div>\n\t\t\t\t<\/div>\n\t\t\t\t<div class=\"elementor-element elementor-element-f85bf52 elementor-widget elementor-widget-text-editor\" data-id=\"f85bf52\" data-element_type=\"widget\" data-widget_type=\"text-editor.default\">\n\t\t\t\t<div class=\"elementor-widget-container\">\n\t\t\t\t\t\t\t\t<div class=\"elementor-text-editor elementor-clearfix\">\n\t\t\t\t<p>A nossa equipa de rece\u00e7\u00e3o est\u00e1 ao seu dispor para o apoiar, durante a sua perman\u00eancia,\u00a0 informando-o da nossa oferta de servi\u00e7os dentro e fora do empreendimento, e providenciando os seus pedidos, para que tenha uma estadia em pleno.<\/p><p>Na nossa Loja poder\u00e1 encontrar e adquirir produtos que definem e caraterizam\u00a0 a nossa regi\u00e3o, do artesanato \u00e0 gastronomia, com a maior originalidade.<\/p>\t\t\t\t\t<\/div>\n\t\t\t\t\t\t<\/div>\n\t\t\t\t<\/div>\n\t\t\t\t<div class=\"elementor-element elementor-element-e00de0c elementor-widget elementor-widget-text-editor\" data-id=\"e00de0c\" data-element_type=\"widget\" data-widget_type=\"text-editor.default\">\n\t\t\t\t<div class=\"elementor-widget-container\">\n\t\t\t\t\t\t\t\t<div class=\"elementor-text-editor elementor-clearfix\">\n\t\t\t\t\t\t\t\t\t<\/div>\n\t\t\t\t\t\t<\/div>\n\t\t\t\t<\/div>\n\t\t\t\t\t\t<\/div>\n\t\t\t\t\t<\/div>\n\t\t<\/div>\n\t\t\t\t<div class=\"elementor-column elementor-col-50 elementor-top-column elementor-element elementor-element-6aef170\" data-id=\"6aef170\" data-element_type=\"column\" data-settings=\"{&quot;background_background&quot;:&quot;classic&quot;}\">\n\t\t\t<div class=\"elementor-column-wrap elementor-element-populated\">\n\t\t\t\t\t\t\t<div class=\"elementor-widget-wrap\">\n\t\t\t\t\t\t<section class=\"elementor-section elementor-inner-section elementor-element elementor-element-9f1a5e6 elementor-section-boxed elementor-section-height-default elementor-section-height-default\" data-id=\"9f1a5e6\" data-element_type=\"section\">\n\t\t\t\t\t\t<div class=\"elementor-container elementor-column-gap-default\">\n\t\t\t\t\t\t\t<div class=\"elementor-row\">\n\t\t\t\t\t<div class=\"elementor-column elementor-col-100 elementor-inner-column elementor-element elementor-element-17dd789\" data-id=\"17dd789\" data-element_type=\"column\">\n\t\t\t<div class=\"elementor-column-wrap elementor-element-populated\">\n\t\t\t\t\t\t\t<div class=\"elementor-widget-wrap\">\n\t\t\t\t\t\t<div class=\"elementor-element elementor-element-e985abc elementor-widget elementor-widget-spacer\" data-id=\"e985abc\" data-element_type=\"widget\" data-widget_type=\"spacer.default\">\n\t\t\t\t<div class=\"elementor-widget-container\">\n\t\t\t\t\t<div class=\"elementor-spacer\">\n\t\t\t<div class=\"elementor-spacer-inner\"><\/div>\n\t\t<\/div>\n\t\t\t\t<\/div>\n\t\t\t\t<\/div>\n\t\t\t\t\t\t<\/div>\n\t\t\t\t\t<\/div>\n\t\t<\/div>\n\t\t\t\t\t\t\t\t<\/div>\n\t\t\t\t\t<\/div>\n\t\t<\/section>\n\t\t\t\t<div class=\"elementor-element elementor-element-9508f83 elementor-pagination-position-outside elementor-widget elementor-widget-image-carousel\" data-id=\"9508f83\" data-element_type=\"widget\" data-settings=\"{&quot;slides_to_show&quot;:&quot;1&quot;,&quot;navigation&quot;:&quot;dots&quot;,&quot;autoplay&quot;:&quot;yes&quot;,&quot;pause_on_hover&quot;:&quot;yes&quot;,&quot;pause_on_interaction&quot;:&quot;yes&quot;,&quot;autoplay_speed&quot;:5000,&quot;infinite&quot;:&quot;yes&quot;,&quot;effect&quot;:&quot;slide&quot;,&quot;speed&quot;:500}\" data-widget_type=\"image-carousel.default\">\n\t\t\t\t<div class=\"elementor-widget-container\">\n\t\t\t\t\t<div class=\"elementor-image-carousel-wrapper swiper-container\" dir=\"ltr\">\n\t\t\t<div class=\"elementor-image-carousel swiper-wrapper\">\n\t\t\t\t\t\t\t\t<div class=\"swiper-slide\"><figure class=\"swiper-slide-inner\"><img class=\"swiper-slide-image\" src=\"https:\/\/naturaglamping.com\/clone_1\/wp-content\/uploads\/elementor\/thumbs\/IMG_20190302_164636-e1572869226902-q990r6vos0k9xactxhin6x0l6m0ga387loxrd4ivj4.jpg\" alt=\"recepcao\" \/><\/figure><\/div><div class=\"swiper-slide\"><figure class=\"swiper-slide-inner\"><img class=\"swiper-slide-image\" src=\"https:\/\/naturaglamping.com\/clone_1\/wp-content\/uploads\/elementor\/thumbs\/9-q990r5xul6izloe72z40mf94l8532e4h9ka9vuk9pc.jpg\" alt=\"compotas\" \/><\/figure><\/div><div class=\"swiper-slide\"><figure class=\"swiper-slide-inner\"><img class=\"swiper-slide-image\" src=\"https:\/\/naturaglamping.com\/clone_1\/wp-content\/uploads\/elementor\/thumbs\/1551546710683-q990r5xul6izloe72z40mf94l8532e4h9ka9vuk9pc.jpg\" alt=\"artigos de roupa\" \/><\/figure><\/div><div class=\"swiper-slide\"><figure class=\"swiper-slide-inner\"><img class=\"swiper-slide-image\" src=\"https:\/\/naturaglamping.com\/clone_1\/wp-content\/uploads\/elementor\/thumbs\/FB_IMG_1521896634175-q990r6vos0k9xactxhin6x0l6m0ga387loxrd4ivj4.jpg\" alt=\"nome bordado\" \/><\/figure><\/div><div class=\"swiper-slide\"><figure class=\"swiper-slide-inner\"><img class=\"swiper-slide-image\" src=\"https:\/\/naturaglamping.com\/clone_1\/wp-content\/uploads\/elementor\/thumbs\/IMG_20181027_020445_701-q990r6vos0k9xactxhin6x0l6m0ga387loxrd4ivj4.jpg\" alt=\"flor\" \/><\/figure><\/div><div class=\"swiper-slide\"><figure class=\"swiper-slide-inner\"><img class=\"swiper-slide-image\" src=\"https:\/\/naturaglamping.com\/clone_1\/wp-content\/uploads\/elementor\/thumbs\/IMG_20190220_012835_961-q990r6vos0k9xactxhin6x0l6m0ga387loxrd4ivj4.jpg\" alt=\"boneca de pano\" \/><\/figure><\/div><div class=\"swiper-slide\"><figure class=\"swiper-slide-inner\"><img class=\"swiper-slide-image\" src=\"https:\/\/naturaglamping.com\/clone_1\/wp-content\/uploads\/elementor\/thumbs\/IMG-20181024-WA0015-e1572869297771-q990r6vos0k9xactxhin6x0l6m0ga387loxrd4ivj4.jpg\" alt=\"compotas e outros\" \/><\/figure><\/div><div class=\"swiper-slide\"><figure class=\"swiper-slide-inner\"><img class=\"swiper-slide-image\" src=\"https:\/\/naturaglamping.com\/clone_1\/wp-content\/uploads\/elementor\/thumbs\/IMG-20190619-WA0010-e1572869264832-q990r6vos0k9xactxhin6x0l6m0ga387loxrd4ivj4.jpg\" alt=\"artigos v\u00e1rios\" \/><\/figure><\/div>\t\t\t<\/div>\n\t\t\t\t\t\t\t\t\t\t\t\t<div class=\"swiper-pagination\"><\/div>\n\t\t\t\t\t\t\t\t\t\t\t\t\t<\/div>\n\t\t\t\t<\/div>\n\t\t\t\t<\/div>\n\t\t\t\t\t\t<\/div>\n\t\t\t\t\t<\/div>\n\t\t<\/div>\n\t\t\t\t\t\t\t\t<\/div>\n\t\t\t\t\t<\/div>\n\t\t<\/section>\n\t\t\t\t<section class=\"elementor-section elementor-top-section elementor-element elementor-element-4599a20 elementor-section-boxed elementor-section-height-default elementor-section-height-default\" data-id=\"4599a20\" data-element_type=\"section\">\n\t\t\t\t\t\t<div class=\"elementor-container elementor-column-gap-default\">\n\t\t\t\t\t\t\t<div class=\"elementor-row\">\n\t\t\t\t\t<div class=\"elementor-column elementor-col-100 elementor-top-column elementor-element elementor-element-b2854cb\" data-id=\"b2854cb\" data-element_type=\"column\">\n\t\t\t<div class=\"elementor-column-wrap\">\n\t\t\t\t\t\t\t<div class=\"elementor-widget-wrap\">\n\t\t\t\t\t\t\t\t<\/div>\n\t\t\t\t\t<\/div>\n\t\t<\/div>\n\t\t\t\t\t\t\t\t<\/div>\n\t\t\t\t\t<\/div>\n\t\t<\/section>\n\t\t\t\t\t\t\t\t\t<\/div>\n\t\t\t<\/div>\n\t\t\t\t\t<\/div>\n\t\t","protected":false},"excerpt":{"rendered":"<p>Zona de Refei\u00e7\u00f5es Situado no edif\u00edcio da rece\u00e7\u00e3o, no piso superior, com vista panor\u00e2mica para a Serra da Estrela, Monsanto e para o vale da Cova da Beira. Neste espa\u00e7o ter\u00e1 a oportunidade de degustar um pequeno-almo\u00e7o\u00a0buffet, pratos, petiscos e bebidas variadas. A nossa oferta alimentar assenta numa solu\u00e7\u00e3o diversificada, procurando disponibilizar atrav\u00e9s de produtores [&hellip;]<\/p>\n","protected":false},"author":6,"featured_media":0,"parent":0,"menu_order":0,"comment_status":"closed","ping_status":"closed","template":"template-full-width.php","meta":[],"_links":{"self":[{"href":"https:\/\/naturaglamping.com\/clone_1\/wp-json\/wp\/v2\/pages\/1982"}],"collection":[{"href":"https:\/\/naturaglamping.com\/clone_1\/wp-json\/wp\/v2\/pages"}],"about":[{"href":"https:\/\/naturaglamping.com\/clone_1\/wp-json\/wp\/v2\/types\/page"}],"author":[{"embeddable":true,"href":"https:\/\/naturaglamping.com\/clone_1\/wp-json\/wp\/v2\/users\/6"}],"replies":[{"embeddable":true,"href":"https:\/\/naturaglamping.com\/clone_1\/wp-json\/wp\/v2\/comments?post=1982"}],"version-history":[{"count":37,"href":"https:\/\/naturaglamping.com\/clone_1\/wp-json\/wp\/v2\/pages\/1982\/revisions"}],"predecessor-version":[{"id":3202,"href":"https:\/\/naturaglamping.com\/clone_1\/wp-json\/wp\/v2\/pages\/1982\/revisions\/3202"}],"wp:attachment":[{"href":"https:\/\/naturaglamping.com\/clone_1\/wp-json\/wp\/v2\/media?parent=1982"}],"curies":[{"name":"wp","href":"https:\/\/api.w.org\/{rel}","templated":true}]}}