{"id":1764,"date":"2019-07-01T14:00:33","date_gmt":"2019-07-01T14:00:33","guid":{"rendered":"https:\/\/new.naturaglamping.com\/?page_id=1764"},"modified":"2022-05-12T08:31:19","modified_gmt":"2022-05-12T08:31:19","slug":"eventos","status":"publish","type":"page","link":"https:\/\/naturaglamping.com\/clone_1\/eventos\/","title":{"rendered":"Eventos"},"content":{"rendered":"\t\t<div data-elementor-type=\"wp-post\" data-elementor-id=\"1764\" class=\"elementor elementor-1764\">\n\t\t\t\t\t\t<div class=\"elementor-inner\">\n\t\t\t\t<div class=\"elementor-section-wrap\">\n\t\t\t\t\t\t\t\t\t<section class=\"elementor-section elementor-top-section elementor-element elementor-element-c90fe3d elementor-section-boxed elementor-section-height-default elementor-section-height-default\" data-id=\"c90fe3d\" data-element_type=\"section\">\n\t\t\t\t\t\t<div class=\"elementor-container elementor-column-gap-wide\">\n\t\t\t\t\t\t\t<div class=\"elementor-row\">\n\t\t\t\t\t<div class=\"elementor-column elementor-col-50 elementor-top-column elementor-element elementor-element-128df71\" data-id=\"128df71\" data-element_type=\"column\">\n\t\t\t<div class=\"elementor-column-wrap elementor-element-populated\">\n\t\t\t\t\t\t\t<div class=\"elementor-widget-wrap\">\n\t\t\t\t\t\t<div class=\"elementor-element elementor-element-552f8c3 elementor-widget elementor-widget-spacer\" data-id=\"552f8c3\" data-element_type=\"widget\" data-widget_type=\"spacer.default\">\n\t\t\t\t<div class=\"elementor-widget-container\">\n\t\t\t\t\t<div class=\"elementor-spacer\">\n\t\t\t<div class=\"elementor-spacer-inner\"><\/div>\n\t\t<\/div>\n\t\t\t\t<\/div>\n\t\t\t\t<\/div>\n\t\t\t\t<div class=\"elementor-element elementor-element-883482a elementor-widget elementor-widget-image\" data-id=\"883482a\" data-element_type=\"widget\" data-widget_type=\"image.default\">\n\t\t\t\t<div class=\"elementor-widget-container\">\n\t\t\t\t\t\t\t\t<div class=\"elementor-image\">\n\t\t\t\t\t\t\t\t\t\t\t\t<img src=\"https:\/\/naturaglamping.com\/clone_1\/wp-content\/uploads\/elementor\/thumbs\/IMG_20190501_140501-e1572868968261-q990r7thdu5stvkm05q11j765rhrcdroh1s1fialzk.jpg\" title=\"IMG_20190501_140501\" alt=\"aula de yoga\" \/>\t\t\t\t\t\t\t\t\t\t\t\t\t\t<\/div>\n\t\t\t\t\t\t<\/div>\n\t\t\t\t<\/div>\n\t\t\t\t<div class=\"elementor-element elementor-element-0379c1f elementor-widget elementor-widget-image\" data-id=\"0379c1f\" data-element_type=\"widget\" data-widget_type=\"image.default\">\n\t\t\t\t<div class=\"elementor-widget-container\">\n\t\t\t\t\t\t\t\t<div class=\"elementor-image\">\n\t\t\t\t\t\t\t\t\t\t\t\t<img src=\"https:\/\/naturaglamping.com\/clone_1\/wp-content\/uploads\/elementor\/thumbs\/IMG-20190508-WA0005-e1572869072725-q990r6vn704ii9lz5nbeh1fpkdme4ony4x4jy8c05s.jpg\" title=\"IMG-20190508-WA0005\" alt=\"eventos e atividades\" \/>\t\t\t\t\t\t\t\t\t\t\t\t\t\t<\/div>\n\t\t\t\t\t\t<\/div>\n\t\t\t\t<\/div>\n\t\t\t\t<div class=\"elementor-element elementor-element-db3c87b elementor-widget elementor-widget-image\" data-id=\"db3c87b\" data-element_type=\"widget\" data-widget_type=\"image.default\">\n\t\t\t\t<div class=\"elementor-widget-container\">\n\t\t\t\t\t\t\t\t<div class=\"elementor-image\">\n\t\t\t\t\t\t\t\t\t\t\t\t<img src=\"https:\/\/naturaglamping.com\/clone_1\/wp-content\/uploads\/elementor\/thumbs\/26114208_10208927063128578_9217121160638881694_n-q990qwjf3tqcyk0zu0ui7m1n151cs0iwfhy7o6rc28.jpg\" title=\"26114208_10208927063128578_9217121160638881694_n\" alt=\"26114208_10208927063128578_9217121160638881694_n\" \/>\t\t\t\t\t\t\t\t\t\t\t\t\t\t<\/div>\n\t\t\t\t\t\t<\/div>\n\t\t\t\t<\/div>\n\t\t\t\t\t\t<\/div>\n\t\t\t\t\t<\/div>\n\t\t<\/div>\n\t\t\t\t<div class=\"elementor-column elementor-col-50 elementor-top-column elementor-element elementor-element-61f675f\" data-id=\"61f675f\" data-element_type=\"column\">\n\t\t\t<div class=\"elementor-column-wrap elementor-element-populated\">\n\t\t\t\t\t\t\t<div class=\"elementor-widget-wrap\">\n\t\t\t\t\t\t<div class=\"elementor-element elementor-element-327551b elementor-widget elementor-widget-heading\" data-id=\"327551b\" data-element_type=\"widget\" data-widget_type=\"heading.default\">\n\t\t\t\t<div class=\"elementor-widget-container\">\n\t\t\t<h2 class=\"elementor-heading-title elementor-size-default\">Eventos<\/h2>\t\t<\/div>\n\t\t\t\t<\/div>\n\t\t\t\t<div class=\"elementor-element elementor-element-87449ba elementor-widget elementor-widget-text-editor\" data-id=\"87449ba\" data-element_type=\"widget\" data-widget_type=\"text-editor.default\">\n\t\t\t\t<div class=\"elementor-widget-container\">\n\t\t\t\t\t\t\t\t<div class=\"elementor-text-editor elementor-clearfix\">\n\t\t\t\t<p>Estamos equipados com um espa\u00e7o para eventos e atividades <em>indoor<\/em>, onde \u00e9 poss\u00edvel programar:<\/p><ul><li>Festas e Atividades em geral;<\/li><li>Jantares;<\/li><li>Atividades Culturais;<\/li><li>Atividades Corporativas;<\/li><li>Atividades Gastron\u00f3micas;<\/li><li>Atividades Filos\u00f3ficas,&#8230;<\/li><\/ul>\t\t\t\t\t<\/div>\n\t\t\t\t\t\t<\/div>\n\t\t\t\t<\/div>\n\t\t\t\t<div class=\"elementor-element elementor-element-6784143 elementor-widget elementor-widget-text-editor\" data-id=\"6784143\" data-element_type=\"widget\" data-widget_type=\"text-editor.default\">\n\t\t\t\t<div class=\"elementor-widget-container\">\n\t\t\t\t\t\t\t\t<div class=\"elementor-text-editor elementor-clearfix\">\n\t\t\t\t<p>Tem alguma ideia?<\/p><p>Contacte-nos, n\u00f3s damos corpo \u00e0s suas ideias.<\/p>\t\t\t\t\t<\/div>\n\t\t\t\t\t\t<\/div>\n\t\t\t\t<\/div>\n\t\t\t\t<div class=\"elementor-element elementor-element-6e045e7 elementor-widget elementor-widget-eael-creative-button\" data-id=\"6e045e7\" data-element_type=\"widget\" data-widget_type=\"eael-creative-button.default\">\n\t\t\t\t<div class=\"elementor-widget-container\">\n\t\t\t        <div class=\"eael-creative-button-wrapper\">\n\n            <a class=\"eael-creative-button eael-creative-button--default\" href=\"https:\/\/naturaglamping.com\/clone_1\/contactos\/\" data-text=\"Go!\">\n\n\t    \n                <div class=\"creative-button-inner\">\n\n                    \n                    <span class=\"cretive-button-text\">Contacte-nos<\/span>\n\n                                    <\/div>\n\t                        <\/a>\n        <\/div>\n\t\t<\/div>\n\t\t\t\t<\/div>\n\t\t\t\t<div class=\"elementor-element elementor-element-524bd8c elementor-widget elementor-widget-spacer\" data-id=\"524bd8c\" data-element_type=\"widget\" data-widget_type=\"spacer.default\">\n\t\t\t\t<div class=\"elementor-widget-container\">\n\t\t\t\t\t<div class=\"elementor-spacer\">\n\t\t\t<div class=\"elementor-spacer-inner\"><\/div>\n\t\t<\/div>\n\t\t\t\t<\/div>\n\t\t\t\t<\/div>\n\t\t\t\t<section class=\"elementor-section elementor-inner-section elementor-element elementor-element-036943d elementor-section-content-middle elementor-section-boxed elementor-section-height-default elementor-section-height-default elementor-invisible\" data-id=\"036943d\" data-element_type=\"section\" data-settings=\"{&quot;animation&quot;:&quot;fadeIn&quot;}\">\n\t\t\t\t\t\t<div class=\"elementor-container elementor-column-gap-no\">\n\t\t\t\t\t\t\t<div class=\"elementor-row\">\n\t\t\t\t\t<div class=\"elementor-column elementor-col-50 elementor-inner-column elementor-element elementor-element-ed93fce\" data-id=\"ed93fce\" data-element_type=\"column\">\n\t\t\t<div class=\"elementor-column-wrap elementor-element-populated\">\n\t\t\t\t\t\t\t<div class=\"elementor-widget-wrap\">\n\t\t\t\t\t\t<div class=\"elementor-element elementor-element-88d280c elementor-view-default elementor-widget elementor-widget-icon\" data-id=\"88d280c\" data-element_type=\"widget\" data-widget_type=\"icon.default\">\n\t\t\t\t<div class=\"elementor-widget-container\">\n\t\t\t\t\t<div class=\"elementor-icon-wrapper\">\n\t\t\t<div class=\"elementor-icon\">\n\t\t\t<i aria-hidden=\"true\" class=\"fas fa-expand-arrows-alt\"><\/i>\t\t\t<\/div>\n\t\t<\/div>\n\t\t\t\t<\/div>\n\t\t\t\t<\/div>\n\t\t\t\t\t\t<\/div>\n\t\t\t\t\t<\/div>\n\t\t<\/div>\n\t\t\t\t<div class=\"elementor-column elementor-col-50 elementor-inner-column elementor-element elementor-element-506a0a6\" data-id=\"506a0a6\" data-element_type=\"column\">\n\t\t\t<div class=\"elementor-column-wrap elementor-element-populated\">\n\t\t\t\t\t\t\t<div class=\"elementor-widget-wrap\">\n\t\t\t\t\t\t<div class=\"elementor-element elementor-element-fc7cd04 elementor-widget elementor-widget-text-editor\" data-id=\"fc7cd04\" data-element_type=\"widget\" data-widget_type=\"text-editor.default\">\n\t\t\t\t<div class=\"elementor-widget-container\">\n\t\t\t\t\t\t\t\t<div class=\"elementor-text-editor elementor-clearfix\">\n\t\t\t\t<p>100 m <sup>2<\/sup><\/p>\t\t\t\t\t<\/div>\n\t\t\t\t\t\t<\/div>\n\t\t\t\t<\/div>\n\t\t\t\t\t\t<\/div>\n\t\t\t\t\t<\/div>\n\t\t<\/div>\n\t\t\t\t\t\t\t\t<\/div>\n\t\t\t\t\t<\/div>\n\t\t<\/section>\n\t\t\t\t<section class=\"elementor-section elementor-inner-section elementor-element elementor-element-673ae19 elementor-section-content-middle elementor-section-boxed elementor-section-height-default elementor-section-height-default elementor-invisible\" data-id=\"673ae19\" data-element_type=\"section\" data-settings=\"{&quot;animation&quot;:&quot;fadeIn&quot;}\">\n\t\t\t\t\t\t<div class=\"elementor-container elementor-column-gap-no\">\n\t\t\t\t\t\t\t<div class=\"elementor-row\">\n\t\t\t\t\t<div class=\"elementor-column elementor-col-50 elementor-inner-column elementor-element elementor-element-87a8223\" data-id=\"87a8223\" data-element_type=\"column\">\n\t\t\t<div class=\"elementor-column-wrap elementor-element-populated\">\n\t\t\t\t\t\t\t<div class=\"elementor-widget-wrap\">\n\t\t\t\t\t\t<div class=\"elementor-element elementor-element-28f4f59 elementor-view-default elementor-widget elementor-widget-icon\" data-id=\"28f4f59\" data-element_type=\"widget\" data-widget_type=\"icon.default\">\n\t\t\t\t<div class=\"elementor-widget-container\">\n\t\t\t\t\t<div class=\"elementor-icon-wrapper\">\n\t\t\t<div class=\"elementor-icon\">\n\t\t\t\t\t\t\t<i class=\"fa fa-thermometer\" aria-hidden=\"true\"><\/i>\n\t\t\t\t\t\t<\/div>\n\t\t<\/div>\n\t\t\t\t<\/div>\n\t\t\t\t<\/div>\n\t\t\t\t\t\t<\/div>\n\t\t\t\t\t<\/div>\n\t\t<\/div>\n\t\t\t\t<div class=\"elementor-column elementor-col-50 elementor-inner-column elementor-element elementor-element-58c445e\" data-id=\"58c445e\" data-element_type=\"column\">\n\t\t\t<div class=\"elementor-column-wrap elementor-element-populated\">\n\t\t\t\t\t\t\t<div class=\"elementor-widget-wrap\">\n\t\t\t\t\t\t<div class=\"elementor-element elementor-element-fdd19f1 elementor-widget elementor-widget-text-editor\" data-id=\"fdd19f1\" data-element_type=\"widget\" data-widget_type=\"text-editor.default\">\n\t\t\t\t<div class=\"elementor-widget-container\">\n\t\t\t\t\t\t\t\t<div class=\"elementor-text-editor elementor-clearfix\">\n\t\t\t\t<p>Climatizado<\/p>\t\t\t\t\t<\/div>\n\t\t\t\t\t\t<\/div>\n\t\t\t\t<\/div>\n\t\t\t\t\t\t<\/div>\n\t\t\t\t\t<\/div>\n\t\t<\/div>\n\t\t\t\t\t\t\t\t<\/div>\n\t\t\t\t\t<\/div>\n\t\t<\/section>\n\t\t\t\t<section class=\"elementor-section elementor-inner-section elementor-element elementor-element-187f797 elementor-section-content-middle elementor-section-boxed elementor-section-height-default elementor-section-height-default elementor-invisible\" data-id=\"187f797\" data-element_type=\"section\" data-settings=\"{&quot;animation&quot;:&quot;fadeIn&quot;}\">\n\t\t\t\t\t\t<div class=\"elementor-container elementor-column-gap-no\">\n\t\t\t\t\t\t\t<div class=\"elementor-row\">\n\t\t\t\t\t<div class=\"elementor-column elementor-col-50 elementor-inner-column elementor-element elementor-element-0a85b1d\" data-id=\"0a85b1d\" data-element_type=\"column\">\n\t\t\t<div class=\"elementor-column-wrap elementor-element-populated\">\n\t\t\t\t\t\t\t<div class=\"elementor-widget-wrap\">\n\t\t\t\t\t\t<div class=\"elementor-element elementor-element-a03a956 elementor-view-default elementor-widget elementor-widget-icon\" data-id=\"a03a956\" data-element_type=\"widget\" data-widget_type=\"icon.default\">\n\t\t\t\t<div class=\"elementor-widget-container\">\n\t\t\t\t\t<div class=\"elementor-icon-wrapper\">\n\t\t\t<div class=\"elementor-icon\">\n\t\t\t\t\t\t\t<i class=\"fa fa-tv\" aria-hidden=\"true\"><\/i>\n\t\t\t\t\t\t<\/div>\n\t\t<\/div>\n\t\t\t\t<\/div>\n\t\t\t\t<\/div>\n\t\t\t\t\t\t<\/div>\n\t\t\t\t\t<\/div>\n\t\t<\/div>\n\t\t\t\t<div class=\"elementor-column elementor-col-50 elementor-inner-column elementor-element elementor-element-7ea861a\" data-id=\"7ea861a\" data-element_type=\"column\">\n\t\t\t<div class=\"elementor-column-wrap elementor-element-populated\">\n\t\t\t\t\t\t\t<div class=\"elementor-widget-wrap\">\n\t\t\t\t\t\t<div class=\"elementor-element elementor-element-0dd975a elementor-widget elementor-widget-text-editor\" data-id=\"0dd975a\" data-element_type=\"widget\" data-widget_type=\"text-editor.default\">\n\t\t\t\t<div class=\"elementor-widget-container\">\n\t\t\t\t\t\t\t\t<div class=\"elementor-text-editor elementor-clearfix\">\n\t\t\t\t<p>Televis\u00e3o \/ Flipchart<\/p>\t\t\t\t\t<\/div>\n\t\t\t\t\t\t<\/div>\n\t\t\t\t<\/div>\n\t\t\t\t\t\t<\/div>\n\t\t\t\t\t<\/div>\n\t\t<\/div>\n\t\t\t\t\t\t\t\t<\/div>\n\t\t\t\t\t<\/div>\n\t\t<\/section>\n\t\t\t\t\t\t<\/div>\n\t\t\t\t\t<\/div>\n\t\t<\/div>\n\t\t\t\t\t\t\t\t<\/div>\n\t\t\t\t\t<\/div>\n\t\t<\/section>\n\t\t\t\t<section class=\"elementor-section elementor-top-section elementor-element elementor-element-19462e7 elementor-section-boxed elementor-section-height-default elementor-section-height-default\" data-id=\"19462e7\" data-element_type=\"section\">\n\t\t\t\t\t\t<div class=\"elementor-container elementor-column-gap-default\">\n\t\t\t\t\t\t\t<div class=\"elementor-row\">\n\t\t\t\t\t<div class=\"elementor-column elementor-col-100 elementor-top-column elementor-element elementor-element-38bca3f\" data-id=\"38bca3f\" data-element_type=\"column\">\n\t\t\t<div class=\"elementor-column-wrap elementor-element-populated\">\n\t\t\t\t\t\t\t<div class=\"elementor-widget-wrap\">\n\t\t\t\t\t\t<div class=\"elementor-element elementor-element-f3be1f0 elementor-widget-divider--view-line elementor-invisible elementor-widget elementor-widget-divider\" data-id=\"f3be1f0\" data-element_type=\"widget\" data-settings=\"{&quot;_animation&quot;:&quot;fadeInRight&quot;,&quot;_animation_delay&quot;:&quot;200&quot;}\" data-widget_type=\"divider.default\">\n\t\t\t\t<div class=\"elementor-widget-container\">\n\t\t\t\t\t<div class=\"elementor-divider\">\n\t\t\t<span class=\"elementor-divider-separator\">\n\t\t\t\t\t\t<\/span>\n\t\t<\/div>\n\t\t\t\t<\/div>\n\t\t\t\t<\/div>\n\t\t\t\t<div class=\"elementor-element elementor-element-1c59667 elementor-widget elementor-widget-spacer\" data-id=\"1c59667\" data-element_type=\"widget\" data-widget_type=\"spacer.default\">\n\t\t\t\t<div class=\"elementor-widget-container\">\n\t\t\t\t\t<div class=\"elementor-spacer\">\n\t\t\t<div class=\"elementor-spacer-inner\"><\/div>\n\t\t<\/div>\n\t\t\t\t<\/div>\n\t\t\t\t<\/div>\n\t\t\t\t<div class=\"elementor-element elementor-element-49ed4cd hotel-tmpl-titles elementor-widget elementor-widget-heading\" data-id=\"49ed4cd\" data-element_type=\"widget\" data-widget_type=\"heading.default\">\n\t\t\t\t<div class=\"elementor-widget-container\">\n\t\t\t<h1 class=\"elementor-heading-title elementor-size-default\"><i>Galeria<\/i><\/h1>\t\t<\/div>\n\t\t\t\t<\/div>\n\t\t\t\t<div class=\"elementor-element elementor-element-e0a7da6 elementor-widget elementor-widget-text-editor\" data-id=\"e0a7da6\" data-element_type=\"widget\" data-widget_type=\"text-editor.default\">\n\t\t\t\t<div class=\"elementor-widget-container\">\n\t\t\t\t\t\t\t\t<div class=\"elementor-text-editor elementor-clearfix\">\n\t\t\t\t<p style=\"text-align: center;\">Veja mais de perto esta magn\u00edfica Domo de Eventos<\/p>\t\t\t\t\t<\/div>\n\t\t\t\t\t\t<\/div>\n\t\t\t\t<\/div>\n\t\t\t\t<div class=\"elementor-element elementor-element-ced62f6 elementor-arrows-position-inside elementor-widget elementor-widget-image-carousel\" data-id=\"ced62f6\" data-element_type=\"widget\" data-settings=\"{&quot;slides_to_show&quot;:&quot;4&quot;,&quot;navigation&quot;:&quot;arrows&quot;,&quot;autoplay&quot;:&quot;yes&quot;,&quot;pause_on_hover&quot;:&quot;yes&quot;,&quot;pause_on_interaction&quot;:&quot;yes&quot;,&quot;autoplay_speed&quot;:5000,&quot;infinite&quot;:&quot;yes&quot;,&quot;speed&quot;:500,&quot;image_spacing_custom&quot;:{&quot;unit&quot;:&quot;px&quot;,&quot;size&quot;:20,&quot;sizes&quot;:[]}}\" data-widget_type=\"image-carousel.default\">\n\t\t\t\t<div class=\"elementor-widget-container\">\n\t\t\t\t\t<div class=\"elementor-image-carousel-wrapper swiper-container\" dir=\"ltr\">\n\t\t\t<div class=\"elementor-image-carousel swiper-wrapper\">\n\t\t\t\t\t\t\t\t<div class=\"swiper-slide\"><a data-elementor-open-lightbox=\"yes\" data-elementor-lightbox-slideshow=\"ced62f6\" data-elementor-lightbox-title=\"dav\" e-action-hash=\"#elementor-action%3Aaction%3Dlightbox%26settings%3DeyJpZCI6MjIzOSwidXJsIjoiaHR0cHM6XC9cL25hdHVyYWdsYW1waW5nLmNvbVwvY2xvbmVfMVwvd3AtY29udGVudFwvdXBsb2Fkc1wvMjAxOVwvMTBcL0lNR18yMDE5MDUwMV8xMzAyMTYtZTE1NzI4Njg5MzA0ODIuanBnIiwic2xpZGVzaG93IjoiY2VkNjJmNiJ9\" href=\"https:\/\/naturaglamping.com\/clone_1\/wp-content\/uploads\/2019\/10\/IMG_20190501_130216-e1572868930482.jpg\"><figure class=\"swiper-slide-inner\"><img class=\"swiper-slide-image\" src=\"https:\/\/naturaglamping.com\/clone_1\/wp-content\/uploads\/elementor\/thumbs\/IMG_20190501_130216-e1572868930482-q990r7tj7mcqh6hcskd0h7dpwp1ayykulhepo39xk0.jpg\" alt=\"domo eventos\" \/><\/figure><\/a><\/div><div class=\"swiper-slide\"><a data-elementor-open-lightbox=\"yes\" data-elementor-lightbox-slideshow=\"ced62f6\" data-elementor-lightbox-title=\"DSC02843\" e-action-hash=\"#elementor-action%3Aaction%3Dlightbox%26settings%3DeyJpZCI6MTA1NywidXJsIjoiaHR0cHM6XC9cL25hdHVyYWdsYW1waW5nLmNvbVwvY2xvbmVfMVwvd3AtY29udGVudFwvdXBsb2Fkc1wvMjAxOVwvMDNcL0RTQzAyODQzLmpwZyIsInNsaWRlc2hvdyI6ImNlZDYyZjYifQ%3D%3D\" href=\"https:\/\/naturaglamping.com\/clone_1\/wp-content\/uploads\/2019\/03\/DSC02843.jpg\"><figure class=\"swiper-slide-inner\"><img class=\"swiper-slide-image\" src=\"https:\/\/naturaglamping.com\/clone_1\/wp-content\/uploads\/elementor\/thumbs\/DSC02843-q990qzczi415kotn5ypdcrikk8701on9kbjcclmh40.jpg\" alt=\"DSC02843\" \/><\/figure><\/a><\/div><div class=\"swiper-slide\"><a data-elementor-open-lightbox=\"yes\" data-elementor-lightbox-slideshow=\"ced62f6\" data-elementor-lightbox-title=\"FB_IMG_1489101475479\" e-action-hash=\"#elementor-action%3Aaction%3Dlightbox%26settings%3DeyJpZCI6OTA1LCJ1cmwiOiJodHRwczpcL1wvbmF0dXJhZ2xhbXBpbmcuY29tXC9jbG9uZV8xXC93cC1jb250ZW50XC91cGxvYWRzXC8yMDE5XC8wM1wvRkJfSU1HXzE0ODkxMDE0NzU0NzkuanBnIiwic2xpZGVzaG93IjoiY2VkNjJmNiJ9\" href=\"https:\/\/naturaglamping.com\/clone_1\/wp-content\/uploads\/2019\/03\/FB_IMG_1489101475479.jpg\"><figure class=\"swiper-slide-inner\"><img class=\"swiper-slide-image\" src=\"https:\/\/naturaglamping.com\/clone_1\/wp-content\/uploads\/elementor\/thumbs\/FB_IMG_1489101475479-q990qzczi415kotn5ypdcrikk8701on9kbjcclmh40.jpg\" alt=\"FB_IMG_1489101475479\" \/><\/figure><\/a><\/div><div class=\"swiper-slide\"><a data-elementor-open-lightbox=\"yes\" data-elementor-lightbox-slideshow=\"ced62f6\" data-elementor-lightbox-title=\"DSC02404-min\" e-action-hash=\"#elementor-action%3Aaction%3Dlightbox%26settings%3DeyJpZCI6OTA0LCJ1cmwiOiJodHRwczpcL1wvbmF0dXJhZ2xhbXBpbmcuY29tXC9jbG9uZV8xXC93cC1jb250ZW50XC91cGxvYWRzXC8yMDE5XC8wM1wvRFNDMDI0MDQtbWluLmpwZyIsInNsaWRlc2hvdyI6ImNlZDYyZjYifQ%3D%3D\" href=\"https:\/\/naturaglamping.com\/clone_1\/wp-content\/uploads\/2019\/03\/DSC02404-min.jpg\"><figure class=\"swiper-slide-inner\"><img class=\"swiper-slide-image\" src=\"https:\/\/naturaglamping.com\/clone_1\/wp-content\/uploads\/elementor\/thumbs\/DSC02404-min-q990qyf5b9zv92v0bgaqs9r3yubmtzjj86vuvbnva8.jpg\" alt=\"DSC02404-min\" \/><\/figure><\/a><\/div><div class=\"swiper-slide\"><a data-elementor-open-lightbox=\"yes\" data-elementor-lightbox-slideshow=\"ced62f6\" data-elementor-lightbox-title=\"20161214_151211_Richtone(HDR)-min\" e-action-hash=\"#elementor-action%3Aaction%3Dlightbox%26settings%3DeyJpZCI6OTAxLCJ1cmwiOiJodHRwczpcL1wvbmF0dXJhZ2xhbXBpbmcuY29tXC9jbG9uZV8xXC93cC1jb250ZW50XC91cGxvYWRzXC8yMDE5XC8wM1wvMjAxNjEyMTRfMTUxMjExX1JpY2h0b25lSERSLW1pbi5qcGciLCJzbGlkZXNob3ciOiJjZWQ2MmY2In0%3D\" href=\"https:\/\/naturaglamping.com\/clone_1\/wp-content\/uploads\/2019\/03\/20161214_151211_RichtoneHDR-min.jpg\"><figure class=\"swiper-slide-inner\"><img class=\"swiper-slide-image\" src=\"https:\/\/naturaglamping.com\/clone_1\/wp-content\/uploads\/elementor\/thumbs\/20161214_151211_RichtoneHDR-min-q990qwjgxlxaluxqmfhhna86s2kwelc2jxkvwrqnmo.jpg\" alt=\"20161214_151211_Richtone(HDR)-min\" \/><\/figure><\/a><\/div><div class=\"swiper-slide\"><a data-elementor-open-lightbox=\"yes\" data-elementor-lightbox-slideshow=\"ced62f6\" data-elementor-lightbox-title=\"26114208_10208927063128578_9217121160638881694_n\" e-action-hash=\"#elementor-action%3Aaction%3Dlightbox%26settings%3DeyJpZCI6OTAyLCJ1cmwiOiJodHRwczpcL1wvbmF0dXJhZ2xhbXBpbmcuY29tXC9jbG9uZV8xXC93cC1jb250ZW50XC91cGxvYWRzXC8yMDE5XC8wM1wvMjYxMTQyMDhfMTAyMDg5MjcwNjMxMjg1NzhfOTIxNzEyMTE2MDYzODg4MTY5NF9uLmpwZyIsInNsaWRlc2hvdyI6ImNlZDYyZjYifQ%3D%3D\" href=\"https:\/\/naturaglamping.com\/clone_1\/wp-content\/uploads\/2019\/03\/26114208_10208927063128578_9217121160638881694_n.jpg\"><figure class=\"swiper-slide-inner\"><img class=\"swiper-slide-image\" src=\"https:\/\/naturaglamping.com\/clone_1\/wp-content\/uploads\/elementor\/thumbs\/26114208_10208927063128578_9217121160638881694_n-q990qwjgxlxaluxqmfhhna86s2kwelc2jxkvwrqnmo.jpg\" alt=\"26114208_10208927063128578_9217121160638881694_n\" \/><\/figure><\/a><\/div><div class=\"swiper-slide\"><a data-elementor-open-lightbox=\"yes\" data-elementor-lightbox-slideshow=\"ced62f6\" data-elementor-lightbox-title=\"12196145_1638102516427889_3097802091375107084_n\" e-action-hash=\"#elementor-action%3Aaction%3Dlightbox%26settings%3DeyJpZCI6MjI0MywidXJsIjoiaHR0cHM6XC9cL25hdHVyYWdsYW1waW5nLmNvbVwvY2xvbmVfMVwvd3AtY29udGVudFwvdXBsb2Fkc1wvMjAxOVwvMTBcLzEyMTk2MTQ1XzE2MzgxMDI1MTY0Mjc4ODlfMzA5NzgwMjA5MTM3NTEwNzA4NF9uLmpwZyIsInNsaWRlc2hvdyI6ImNlZDYyZjYifQ%3D%3D\" href=\"https:\/\/naturaglamping.com\/clone_1\/wp-content\/uploads\/2019\/10\/12196145_1638102516427889_3097802091375107084_n.jpg\"><figure class=\"swiper-slide-inner\"><img class=\"swiper-slide-image\" src=\"https:\/\/naturaglamping.com\/clone_1\/wp-content\/uploads\/elementor\/thumbs\/12196145_1638102516427889_3097802091375107084_n-q990r5xutya5tyk33jjrc7uspxakjkddx83qpjcpwg.jpg\" alt=\"vista domo eventos\" \/><\/figure><\/a><\/div>\t\t\t<\/div>\n\t\t\t\t\t\t\t\t\t\t\t\t\t\t\t\t<div class=\"elementor-swiper-button elementor-swiper-button-prev\">\n\t\t\t\t\t\t<i aria-hidden=\"true\" class=\"eicon-chevron-left\"><\/i>\t\t\t\t\t\t<span class=\"elementor-screen-only\">Anterior<\/span>\n\t\t\t\t\t<\/div>\n\t\t\t\t\t<div class=\"elementor-swiper-button elementor-swiper-button-next\">\n\t\t\t\t\t\t<i aria-hidden=\"true\" class=\"eicon-chevron-right\"><\/i>\t\t\t\t\t\t<span class=\"elementor-screen-only\">Seguinte<\/span>\n\t\t\t\t\t<\/div>\n\t\t\t\t\t\t\t\t\t<\/div>\n\t\t\t\t<\/div>\n\t\t\t\t<\/div>\n\t\t\t\t\t\t<\/div>\n\t\t\t\t\t<\/div>\n\t\t<\/div>\n\t\t\t\t\t\t\t\t<\/div>\n\t\t\t\t\t<\/div>\n\t\t<\/section>\n\t\t\t\t\t\t\t\t\t<\/div>\n\t\t\t<\/div>\n\t\t\t\t\t<\/div>\n\t\t","protected":false},"excerpt":{"rendered":"<p>Eventos Estamos equipados com um espa\u00e7o para eventos e atividades indoor, onde \u00e9 poss\u00edvel programar: Festas e Atividades em geral; Jantares; Atividades Culturais; Atividades Corporativas; Atividades Gastron\u00f3micas; Atividades Filos\u00f3ficas,&#8230; Tem alguma ideia? Contacte-nos, n\u00f3s damos corpo \u00e0s suas ideias. Contacte-nos 100 m 2 Climatizado Televis\u00e3o \/ Flipchart Galeria Veja mais de perto esta magn\u00edfica Domo [&hellip;]<\/p>\n","protected":false},"author":6,"featured_media":0,"parent":0,"menu_order":0,"comment_status":"closed","ping_status":"closed","template":"template-full-width.php","meta":[],"_links":{"self":[{"href":"https:\/\/naturaglamping.com\/clone_1\/wp-json\/wp\/v2\/pages\/1764"}],"collection":[{"href":"https:\/\/naturaglamping.com\/clone_1\/wp-json\/wp\/v2\/pages"}],"about":[{"href":"https:\/\/naturaglamping.com\/clone_1\/wp-json\/wp\/v2\/types\/page"}],"author":[{"embeddable":true,"href":"https:\/\/naturaglamping.com\/clone_1\/wp-json\/wp\/v2\/users\/6"}],"replies":[{"embeddable":true,"href":"https:\/\/naturaglamping.com\/clone_1\/wp-json\/wp\/v2\/comments?post=1764"}],"version-history":[{"count":61,"href":"https:\/\/naturaglamping.com\/clone_1\/wp-json\/wp\/v2\/pages\/1764\/revisions"}],"predecessor-version":[{"id":3203,"href":"https:\/\/naturaglamping.com\/clone_1\/wp-json\/wp\/v2\/pages\/1764\/revisions\/3203"}],"wp:attachment":[{"href":"https:\/\/naturaglamping.com\/clone_1\/wp-json\/wp\/v2\/media?parent=1764"}],"curies":[{"name":"wp","href":"https:\/\/api.w.org\/{rel}","templated":true}]}}